{"id":96427,"date":"2017-07-02T13:05:52","date_gmt":"2017-07-02T13:05:52","guid":{"rendered":"http:\/\/www.ceramictiles.com\/srbija\/product\/pamesa-tch-monza\/"},"modified":"2026-01-04T00:02:52","modified_gmt":"2026-01-04T00:02:52","slug":"pamesa-tch-monza","status":"publish","type":"product","link":"https:\/\/www.keramika.com\/srbija\/pamesa-tch-monza\/","title":{"rendered":"Pamesa Tch Monza"},"content":{"rendered":"<p>Keramika je prekrasne be\u017e boje. U koliko \u017eelite neku drugu boju, pozovite nas i mi \u0107emo proveriti kod proizvo\u0111a\u010da. Veli\u010dina plo\u010dice je 40&#215;40 cm i odli\u010dna je za razli\u010dite povr\u0161ine. 9 mm debljina \u0107e zadovoljiti i najzahtevnije kupce. Plo\u010dice dolaze iz \u0160panije, koja je poznata po kvalitetnoj keramiki. Online cena je samo 4160,7 RSD, dok redovna, maloprodajna cena 5200,3 RSD.<\/p>\n<p>Kliknite na ime serije za sve plo\u010dice u toj seriji: <a class=\"pdfcatal\" href=\"\/\/www.ceramictiles.com\/pdf\/pamesa\/catalogue_pamesa_tch_monza.pdf\" onclick=\"recordOutboundLink(this, 'E-mail', 'Description PDF');return false;\">Pamesa Ceramica Tch Monza<\/a><\/p>\n<p>Da bi naru\u010dili model iz PDF kataloga ove serije, molimo vas, da nas kontaktirate na: <a href=\"mailto:zo_mi@ceramictiles.com\" onclick=\"recordOutboundLink(this, 'E-mail', 'Description mail');return false;\">zo_mi@ceramictiles.com<\/a> ili nas pozovite na: For exact offer, PLS send us quantity and product you need with delivery address..<\/p>\n","protected":false},"excerpt":{"rendered":"<p>Keramika je prekrasne be\u017e boje. U koliko \u017eelite neku drugu boju, pozovite nas i mi \u0107emo proveriti kod proizvo\u0111a\u010da. Veli\u010dina plo\u010dice je 40&#215;40 cm i odli\u010dna je za razli\u010dite povr\u0161ine. 9 mm debljina \u0107e zadovoljiti i najzahtevnije kupce. Plo\u010dice dolaze iz \u0160panije, koja je poznata po kvalitetnoj keramiki. Online cena je samo 4160,7 RSD, dok [&hellip;]<\/p>\n","protected":false},"featured_media":96428,"template":"","meta":[],"product_cat":[200,999107,999],"product_tag":[],"_links":{"self":[{"href":"https:\/\/www.keramika.com\/srbija\/wp-json\/wp\/v2\/product\/96427"}],"collection":[{"href":"https:\/\/www.keramika.com\/srbija\/wp-json\/wp\/v2\/product"}],"about":[{"href":"https:\/\/www.keramika.com\/srbija\/wp-json\/wp\/v2\/types\/product"}],"wp:featuredmedia":[{"embeddable":true,"href":"https:\/\/www.keramika.com\/srbija\/wp-json\/wp\/v2\/media\/96428"}],"wp:attachment":[{"href":"https:\/\/www.keramika.com\/srbija\/wp-json\/wp\/v2\/media?parent=96427"}],"wp:term":[{"taxonomy":"product_cat","embeddable":true,"href":"https:\/\/www.keramika.com\/srbija\/wp-json\/wp\/v2\/product_cat?post=96427"},{"taxonomy":"product_tag","embeddable":true,"href":"https:\/\/www.keramika.com\/srbija\/wp-json\/wp\/v2\/product_tag?post=96427"}],"curies":[{"name":"wp","href":"https:\/\/api.w.org\/{rel}","templated":true}]}}