{"id":96425,"date":"2017-07-02T13:05:30","date_gmt":"2017-07-02T13:05:30","guid":{"rendered":"http:\/\/www.ceramictiles.com\/srbija\/product\/pamesa-tch-menorca\/"},"modified":"2026-01-04T00:02:51","modified_gmt":"2026-01-04T00:02:51","slug":"pamesa-tch-menorca","status":"publish","type":"product","link":"https:\/\/www.keramika.com\/srbija\/pamesa-tch-menorca\/","title":{"rendered":"Pamesa Tch Menorca"},"content":{"rendered":"<p>9 mm debljina \u0107e zadovoljiti i najzahtevnije kupce. Online cena je samo 4160,7 RSD, dok redovna, maloprodajna cena 5200,3 RSD. Plo\u010dice dolaze iz \u0160panije, koja je poznata po kvalitetnoj keramiki. Veli\u010dina ove plo\u010dice je 40&#215;40 cm. U izboru plo\u010dica be\u017e boje, ne mo\u017eete pogre\u0161iti.<\/p>\n<p>Kliknite na ime serije za sve plo\u010dice u toj seriji: <a class=\"pdfcatal\" href=\"\/\/www.ceramictiles.com\/pdf\/pamesa\/catalogue_pamesa_tch_menorca.pdf\" onclick=\"recordOutboundLink(this, 'E-mail', 'Description PDF');return false;\">Pamesa Ceramica Tch Menorca<\/a><\/p>\n<p>Da bi naru\u010dili model iz PDF kataloga ove serije, molimo vas, da nas kontaktirate na: <a href=\"mailto:zo_mi@ceramictiles.com\" onclick=\"recordOutboundLink(this, 'E-mail', 'Description mail');return false;\">zo_mi@ceramictiles.com<\/a> ili nas pozovite na: For exact offer, PLS send us quantity and product you need with delivery address..<\/p>\n","protected":false},"excerpt":{"rendered":"<p>9 mm debljina \u0107e zadovoljiti i najzahtevnije kupce. Online cena je samo 4160,7 RSD, dok redovna, maloprodajna cena 5200,3 RSD. Plo\u010dice dolaze iz \u0160panije, koja je poznata po kvalitetnoj keramiki. Veli\u010dina ove plo\u010dice je 40&#215;40 cm. U izboru plo\u010dica be\u017e boje, ne mo\u017eete pogre\u0161iti. Kliknite na ime serije za sve plo\u010dice u toj seriji: Pamesa [&hellip;]<\/p>\n","protected":false},"featured_media":96426,"template":"","meta":[],"product_cat":[200,999107,999],"product_tag":[],"_links":{"self":[{"href":"https:\/\/www.keramika.com\/srbija\/wp-json\/wp\/v2\/product\/96425"}],"collection":[{"href":"https:\/\/www.keramika.com\/srbija\/wp-json\/wp\/v2\/product"}],"about":[{"href":"https:\/\/www.keramika.com\/srbija\/wp-json\/wp\/v2\/types\/product"}],"wp:featuredmedia":[{"embeddable":true,"href":"https:\/\/www.keramika.com\/srbija\/wp-json\/wp\/v2\/media\/96426"}],"wp:attachment":[{"href":"https:\/\/www.keramika.com\/srbija\/wp-json\/wp\/v2\/media?parent=96425"}],"wp:term":[{"taxonomy":"product_cat","embeddable":true,"href":"https:\/\/www.keramika.com\/srbija\/wp-json\/wp\/v2\/product_cat?post=96425"},{"taxonomy":"product_tag","embeddable":true,"href":"https:\/\/www.keramika.com\/srbija\/wp-json\/wp\/v2\/product_tag?post=96425"}],"curies":[{"name":"wp","href":"https:\/\/api.w.org\/{rel}","templated":true}]}}