{"id":96419,"date":"2017-07-02T13:04:24","date_gmt":"2017-07-02T13:04:24","guid":{"rendered":"http:\/\/www.ceramictiles.com\/srbija\/product\/pamesa-nasira-dec-blanco\/"},"modified":"2026-01-04T00:02:51","modified_gmt":"2026-01-04T00:02:51","slug":"pamesa-nasira-dec-blanco","status":"publish","type":"product","link":"https:\/\/www.keramika.com\/srbija\/pamesa-nasira-dec-blanco\/","title":{"rendered":"Pamesa Nasira Dec Blanco"},"content":{"rendered":"<p>Online cena je samo 4160,7 RSD, dok redovna, maloprodajna cena 5200,3 RSD. U izboru plo\u010dica bele boje, ne mo\u017eete pogre\u0161iti. Plo\u010dice dolaze iz \u0160panije, koja je poznata po kvalitetnoj keramiki. Debljina 9 mm \u010dini plo\u010dicu vrlo izdr\u017eljivom i prijatnom na dodir. Plo\u010dica 21,8&#215;89,3 cm je dobra za ve\u0107 razli\u010ditih namena.<\/p>\n<p>Kliknite na ime serije za sve plo\u010dice u toj seriji: <a class=\"pdfcatal\" href=\"\/\/www.ceramictiles.com\/pdf\/pamesa\/catalogue_pamesa_nasira_dec.pdf\" onclick=\"recordOutboundLink(this, 'E-mail', 'Description PDF');return false;\">Pamesa Ceramica Nasira Dec<\/a><\/p>\n<p>Da bi naru\u010dili model iz PDF kataloga ove serije, molimo vas, da nas kontaktirate na: <a href=\"mailto:zo_mi@ceramictiles.com\" onclick=\"recordOutboundLink(this, 'E-mail', 'Description mail');return false;\">zo_mi@ceramictiles.com<\/a> ili nas pozovite na: For exact offer, PLS send us quantity and product you need with delivery address..<\/p>\n<p>Technical description: 22&#215;85<\/p>\n","protected":false},"excerpt":{"rendered":"<p>Online cena je samo 4160,7 RSD, dok redovna, maloprodajna cena 5200,3 RSD. U izboru plo\u010dica bele boje, ne mo\u017eete pogre\u0161iti. Plo\u010dice dolaze iz \u0160panije, koja je poznata po kvalitetnoj keramiki. Debljina 9 mm \u010dini plo\u010dicu vrlo izdr\u017eljivom i prijatnom na dodir. Plo\u010dica 21,8&#215;89,3 cm je dobra za ve\u0107 razli\u010ditih namena. Kliknite na ime serije za [&hellip;]<\/p>\n","protected":false},"featured_media":96420,"template":"","meta":[],"product_cat":[200,999107,999],"product_tag":[],"_links":{"self":[{"href":"https:\/\/www.keramika.com\/srbija\/wp-json\/wp\/v2\/product\/96419"}],"collection":[{"href":"https:\/\/www.keramika.com\/srbija\/wp-json\/wp\/v2\/product"}],"about":[{"href":"https:\/\/www.keramika.com\/srbija\/wp-json\/wp\/v2\/types\/product"}],"wp:featuredmedia":[{"embeddable":true,"href":"https:\/\/www.keramika.com\/srbija\/wp-json\/wp\/v2\/media\/96420"}],"wp:attachment":[{"href":"https:\/\/www.keramika.com\/srbija\/wp-json\/wp\/v2\/media?parent=96419"}],"wp:term":[{"taxonomy":"product_cat","embeddable":true,"href":"https:\/\/www.keramika.com\/srbija\/wp-json\/wp\/v2\/product_cat?post=96419"},{"taxonomy":"product_tag","embeddable":true,"href":"https:\/\/www.keramika.com\/srbija\/wp-json\/wp\/v2\/product_tag?post=96419"}],"curies":[{"name":"wp","href":"https:\/\/api.w.org\/{rel}","templated":true}]}}