{"id":96405,"date":"2017-07-02T13:02:15","date_gmt":"2017-07-02T13:02:15","guid":{"rendered":"http:\/\/www.ceramictiles.com\/srbija\/product\/pamesa-capua-multi-perla\/"},"modified":"2026-01-04T00:02:49","modified_gmt":"2026-01-04T00:02:49","slug":"pamesa-capua-multi-perla","status":"publish","type":"product","link":"https:\/\/www.keramika.com\/srbija\/pamesa-capua-multi-perla\/","title":{"rendered":"Pamesa Capua Multi Perla"},"content":{"rendered":"<p>Plo\u010dica na sliki je 25&#215;50 cm. 9 mm debljine je dovoljno za zahtevnije kupce. Pamesa Capua Multi Perla je proizvod iz \u0160panije te je izuzetno kvalitetna. Izuzetno moderne plo\u010dice bele boje, osve\u017eit \u0107e svaki prostor. Redovna cena, ovih plo\u010dica u maloprodaji je 5370,5 RSD. U na\u0161oj online trgovini, je mo\u017eete kupiti za 4296,4 RSD.<\/p>\n<p>Kliknite na ime serije za sve plo\u010dice u toj seriji: <a class=\"pdfcatal\" href=\"\/\/www.ceramictiles.com\/pdf\/pamesa\/catalogue_pamesa_capua_multi.pdf\" onclick=\"recordOutboundLink(this, 'E-mail', 'Description PDF');return false;\">Pamesa Ceramica Capua Multi<\/a><\/p>\n<p>Da bi naru\u010dili model iz PDF kataloga ove serije, molimo vas, da nas kontaktirate na: <a href=\"mailto:zo_mi@ceramictiles.com\" onclick=\"recordOutboundLink(this, 'E-mail', 'Description mail');return false;\">zo_mi@ceramictiles.com<\/a> ili nas pozovite na: For exact offer, PLS send us quantity and product you need with delivery address..<\/p>\n","protected":false},"excerpt":{"rendered":"<p>Plo\u010dica na sliki je 25&#215;50 cm. 9 mm debljine je dovoljno za zahtevnije kupce. Pamesa Capua Multi Perla je proizvod iz \u0160panije te je izuzetno kvalitetna. Izuzetno moderne plo\u010dice bele boje, osve\u017eit \u0107e svaki prostor. Redovna cena, ovih plo\u010dica u maloprodaji je 5370,5 RSD. U na\u0161oj online trgovini, je mo\u017eete kupiti za 4296,4 RSD. Kliknite [&hellip;]<\/p>\n","protected":false},"featured_media":96406,"template":"","meta":[],"product_cat":[200,999107,999],"product_tag":[],"_links":{"self":[{"href":"https:\/\/www.keramika.com\/srbija\/wp-json\/wp\/v2\/product\/96405"}],"collection":[{"href":"https:\/\/www.keramika.com\/srbija\/wp-json\/wp\/v2\/product"}],"about":[{"href":"https:\/\/www.keramika.com\/srbija\/wp-json\/wp\/v2\/types\/product"}],"wp:featuredmedia":[{"embeddable":true,"href":"https:\/\/www.keramika.com\/srbija\/wp-json\/wp\/v2\/media\/96406"}],"wp:attachment":[{"href":"https:\/\/www.keramika.com\/srbija\/wp-json\/wp\/v2\/media?parent=96405"}],"wp:term":[{"taxonomy":"product_cat","embeddable":true,"href":"https:\/\/www.keramika.com\/srbija\/wp-json\/wp\/v2\/product_cat?post=96405"},{"taxonomy":"product_tag","embeddable":true,"href":"https:\/\/www.keramika.com\/srbija\/wp-json\/wp\/v2\/product_tag?post=96405"}],"curies":[{"name":"wp","href":"https:\/\/api.w.org\/{rel}","templated":true}]}}