{"id":96399,"date":"2017-07-02T13:01:24","date_gmt":"2017-07-02T13:01:24","guid":{"rendered":"http:\/\/www.ceramictiles.com\/srbija\/product\/pamesa-marmi-cuadro-marfil\/"},"modified":"2026-01-04T00:02:48","modified_gmt":"2026-01-04T00:02:48","slug":"pamesa-marmi-cuadro-marfil","status":"publish","type":"product","link":"https:\/\/www.keramika.com\/srbija\/pamesa-marmi-cuadro-marfil\/","title":{"rendered":"Pamesa Marmi Cuadro Marfil"},"content":{"rendered":"<p>Pamesa Marmi Cuadro Marfil dolazi iz \u0160panije, koja je poznata po vrlo visokoj kvaliteta keramike u svetu. Veli\u010dina ove plo\u010dice je 25&#215;50 cm. Debljina 9 mm \u010dini plo\u010dicu vrlo izdr\u017eljivom i prijatnom na dodir. Plo\u010dice be\u017e boje, su letos izuzetno tre\u017eene. Redovna cena, ovih plo\u010dica u maloprodaji je 5543 RSD. U na\u0161oj online trgovini, je mo\u017eete kupiti za 4434,4 RSD.<\/p>\n<p>Kliknite na ime serije za sve plo\u010dice u toj seriji: <a class=\"pdfcatal\" href=\"\/\/www.ceramictiles.com\/pdf\/pamesa\/catalogue_pamesa_marmi_cuadro.pdf\" onclick=\"recordOutboundLink(this, 'E-mail', 'Description PDF');return false;\">Pamesa Ceramica Marmi Cuadro<\/a><\/p>\n<p>Da bi naru\u010dili model iz PDF kataloga ove serije, molimo vas, da nas kontaktirate na: <a href=\"mailto:zo_mi@ceramictiles.com\" onclick=\"recordOutboundLink(this, 'E-mail', 'Description mail');return false;\">zo_mi@ceramictiles.com<\/a> ili nas pozovite na: For exact offer, PLS send us quantity and product you need with delivery address..<\/p>\n","protected":false},"excerpt":{"rendered":"<p>Pamesa Marmi Cuadro Marfil dolazi iz \u0160panije, koja je poznata po vrlo visokoj kvaliteta keramike u svetu. Veli\u010dina ove plo\u010dice je 25&#215;50 cm. Debljina 9 mm \u010dini plo\u010dicu vrlo izdr\u017eljivom i prijatnom na dodir. Plo\u010dice be\u017e boje, su letos izuzetno tre\u017eene. Redovna cena, ovih plo\u010dica u maloprodaji je 5543 RSD. U na\u0161oj online trgovini, je [&hellip;]<\/p>\n","protected":false},"featured_media":96400,"template":"","meta":[],"product_cat":[200,999107,999],"product_tag":[],"_links":{"self":[{"href":"https:\/\/www.keramika.com\/srbija\/wp-json\/wp\/v2\/product\/96399"}],"collection":[{"href":"https:\/\/www.keramika.com\/srbija\/wp-json\/wp\/v2\/product"}],"about":[{"href":"https:\/\/www.keramika.com\/srbija\/wp-json\/wp\/v2\/types\/product"}],"wp:featuredmedia":[{"embeddable":true,"href":"https:\/\/www.keramika.com\/srbija\/wp-json\/wp\/v2\/media\/96400"}],"wp:attachment":[{"href":"https:\/\/www.keramika.com\/srbija\/wp-json\/wp\/v2\/media?parent=96399"}],"wp:term":[{"taxonomy":"product_cat","embeddable":true,"href":"https:\/\/www.keramika.com\/srbija\/wp-json\/wp\/v2\/product_cat?post=96399"},{"taxonomy":"product_tag","embeddable":true,"href":"https:\/\/www.keramika.com\/srbija\/wp-json\/wp\/v2\/product_tag?post=96399"}],"curies":[{"name":"wp","href":"https:\/\/api.w.org\/{rel}","templated":true}]}}