{"id":96393,"date":"2017-07-02T13:00:28","date_gmt":"2017-07-02T13:00:28","guid":{"rendered":"http:\/\/www.ceramictiles.com\/srbija\/product\/pamesa-galia-negro\/"},"modified":"2026-01-04T00:02:47","modified_gmt":"2026-01-04T00:02:47","slug":"pamesa-galia-negro","status":"publish","type":"product","link":"https:\/\/www.keramika.com\/srbija\/pamesa-galia-negro\/","title":{"rendered":"Pamesa Galia Negro"},"content":{"rendered":"<p>plo\u010dica proizvo\u0111a\u010da Pamesa Ceramica iz \u0160panije. Online cena je samo 4572,4 RSD, dok redovna, maloprodajna cena 5715,5 RSD. Ove crne kerami\u010dke plo\u010dice, obogatit \u0107e svaki prostor. Ova plo\u010dica je debela 9 mm i zato je izuzetno izdr\u017eljiva. Dimenzije ovih plo\u010dica su 45&#215;45 cm.<\/p>\n<p>Kliknite na ime serije za sve plo\u010dice u toj seriji: <a class=\"pdfcatal\" href=\"\/\/www.ceramictiles.com\/pdf\/pamesa\/catalogue_pamesa_galia.pdf\" onclick=\"recordOutboundLink(this, 'E-mail', 'Description PDF');return false;\">Pamesa Ceramica Galia<\/a><\/p>\n<p>Da bi naru\u010dili model iz PDF kataloga ove serije, molimo vas, da nas kontaktirate na: <a href=\"mailto:zo_mi@ceramictiles.com\" onclick=\"recordOutboundLink(this, 'E-mail', 'Description mail');return false;\">zo_mi@ceramictiles.com<\/a> ili nas pozovite na: For exact offer, PLS send us quantity and product you need with delivery address..<\/p>\n","protected":false},"excerpt":{"rendered":"<p>plo\u010dica proizvo\u0111a\u010da Pamesa Ceramica iz \u0160panije. Online cena je samo 4572,4 RSD, dok redovna, maloprodajna cena 5715,5 RSD. Ove crne kerami\u010dke plo\u010dice, obogatit \u0107e svaki prostor. Ova plo\u010dica je debela 9 mm i zato je izuzetno izdr\u017eljiva. Dimenzije ovih plo\u010dica su 45&#215;45 cm. Kliknite na ime serije za sve plo\u010dice u toj seriji: Pamesa Ceramica [&hellip;]<\/p>\n","protected":false},"featured_media":96394,"template":"","meta":[],"product_cat":[200,999107,999],"product_tag":[],"_links":{"self":[{"href":"https:\/\/www.keramika.com\/srbija\/wp-json\/wp\/v2\/product\/96393"}],"collection":[{"href":"https:\/\/www.keramika.com\/srbija\/wp-json\/wp\/v2\/product"}],"about":[{"href":"https:\/\/www.keramika.com\/srbija\/wp-json\/wp\/v2\/types\/product"}],"wp:featuredmedia":[{"embeddable":true,"href":"https:\/\/www.keramika.com\/srbija\/wp-json\/wp\/v2\/media\/96394"}],"wp:attachment":[{"href":"https:\/\/www.keramika.com\/srbija\/wp-json\/wp\/v2\/media?parent=96393"}],"wp:term":[{"taxonomy":"product_cat","embeddable":true,"href":"https:\/\/www.keramika.com\/srbija\/wp-json\/wp\/v2\/product_cat?post=96393"},{"taxonomy":"product_tag","embeddable":true,"href":"https:\/\/www.keramika.com\/srbija\/wp-json\/wp\/v2\/product_tag?post=96393"}],"curies":[{"name":"wp","href":"https:\/\/api.w.org\/{rel}","templated":true}]}}