{"id":96389,"date":"2017-07-02T12:59:58","date_gmt":"2017-07-02T12:59:58","guid":{"rendered":"http:\/\/www.ceramictiles.com\/srbija\/product\/pamesa-padua-hueso\/"},"modified":"2026-01-04T00:02:46","modified_gmt":"2026-01-04T00:02:46","slug":"pamesa-padua-hueso","status":"publish","type":"product","link":"https:\/\/www.keramika.com\/srbija\/pamesa-padua-hueso\/","title":{"rendered":"Pamesa Padua Hueso"},"content":{"rendered":"<p>Veli\u010dina ove plo\u010dice je 45&#215;45 cm. Ove plo\u010dice dolaze od proizvo\u0111a\u010da Pamesa Ceramica, iz \u0160panije. Ova plo\u010dica je debela 9 mm i zato je izuzetno izdr\u017eljiva. Zbog ni\u017eih tro\u0161kova, online prodaje, Vi \u0107e te na na\u0161oj strani ove plo\u010de platiti samo 4708,1 RSD. Ta kolekcija, model plo\u010dice, se prodaje najvi\u0161e sive boje.<\/p>\n<p>Kliknite na ime serije za sve plo\u010dice u toj seriji: <a class=\"pdfcatal\" href=\"\/\/www.ceramictiles.com\/pdf\/pamesa\/catalogue_pamesa_padua.pdf\" onclick=\"recordOutboundLink(this, 'E-mail', 'Description PDF');return false;\">Pamesa Ceramica Padua<\/a><\/p>\n<p>Da bi naru\u010dili model iz PDF kataloga ove serije, molimo vas, da nas kontaktirate na: <a href=\"mailto:zo_mi@ceramictiles.com\" onclick=\"recordOutboundLink(this, 'E-mail', 'Description mail');return false;\">zo_mi@ceramictiles.com<\/a> ili nas pozovite na: For exact offer, PLS send us quantity and product you need with delivery address..<\/p>\n","protected":false},"excerpt":{"rendered":"<p>Veli\u010dina ove plo\u010dice je 45&#215;45 cm. Ove plo\u010dice dolaze od proizvo\u0111a\u010da Pamesa Ceramica, iz \u0160panije. Ova plo\u010dica je debela 9 mm i zato je izuzetno izdr\u017eljiva. Zbog ni\u017eih tro\u0161kova, online prodaje, Vi \u0107e te na na\u0161oj strani ove plo\u010de platiti samo 4708,1 RSD. Ta kolekcija, model plo\u010dice, se prodaje najvi\u0161e sive boje. Kliknite na ime [&hellip;]<\/p>\n","protected":false},"featured_media":96390,"template":"","meta":[],"product_cat":[200,999107,999],"product_tag":[],"_links":{"self":[{"href":"https:\/\/www.keramika.com\/srbija\/wp-json\/wp\/v2\/product\/96389"}],"collection":[{"href":"https:\/\/www.keramika.com\/srbija\/wp-json\/wp\/v2\/product"}],"about":[{"href":"https:\/\/www.keramika.com\/srbija\/wp-json\/wp\/v2\/types\/product"}],"wp:featuredmedia":[{"embeddable":true,"href":"https:\/\/www.keramika.com\/srbija\/wp-json\/wp\/v2\/media\/96390"}],"wp:attachment":[{"href":"https:\/\/www.keramika.com\/srbija\/wp-json\/wp\/v2\/media?parent=96389"}],"wp:term":[{"taxonomy":"product_cat","embeddable":true,"href":"https:\/\/www.keramika.com\/srbija\/wp-json\/wp\/v2\/product_cat?post=96389"},{"taxonomy":"product_tag","embeddable":true,"href":"https:\/\/www.keramika.com\/srbija\/wp-json\/wp\/v2\/product_tag?post=96389"}],"curies":[{"name":"wp","href":"https:\/\/api.w.org\/{rel}","templated":true}]}}