{"id":96385,"date":"2017-07-02T12:59:23","date_gmt":"2017-07-02T12:59:23","guid":{"rendered":"http:\/\/www.ceramictiles.com\/srbija\/product\/pamesa-ikom-negro\/"},"modified":"2026-01-04T00:02:46","modified_gmt":"2026-01-04T00:02:46","slug":"pamesa-ikom-negro","status":"publish","type":"product","link":"https:\/\/www.keramika.com\/srbija\/pamesa-ikom-negro\/","title":{"rendered":"Pamesa Ikom Negro"},"content":{"rendered":"<p>Pamesa Ikom Negro je proizvod iz \u0160panije te je izuzetno kvalitetna. Plo\u010dica je debela 9 mm, \u0161to je ubraja u tvrde plo\u010dice. Izuzetno moderne plo\u010dice crne boje, osve\u017eit \u0107e svaki prostor. Online cena je samo 4708,1 RSD, dok redovna, maloprodajna cena 5885,7 RSD. \u0160irina i du\u017eina plo\u010dice su 30&#215;60 cm.<\/p>\n<p>Kliknite na ime serije za sve plo\u010dice u toj seriji: <a class=\"pdfcatal\" href=\"\/\/www.ceramictiles.com\/pdf\/pamesa\/catalogue_pamesa_ikom_metal.pdf\" onclick=\"recordOutboundLink(this, 'E-mail', 'Description PDF');return false;\">Pamesa Ceramica Ikom Metal<\/a><\/p>\n<p>Da bi naru\u010dili model iz PDF kataloga ove serije, molimo vas, da nas kontaktirate na: <a href=\"mailto:zo_mi@ceramictiles.com\" onclick=\"recordOutboundLink(this, 'E-mail', 'Description mail');return false;\">zo_mi@ceramictiles.com<\/a> ili nas pozovite na: For exact offer, PLS send us quantity and product you need with delivery address..<\/p>\n<p>Technical description: 30,3&#215;61,3<\/p>\n","protected":false},"excerpt":{"rendered":"<p>Pamesa Ikom Negro je proizvod iz \u0160panije te je izuzetno kvalitetna. Plo\u010dica je debela 9 mm, \u0161to je ubraja u tvrde plo\u010dice. Izuzetno moderne plo\u010dice crne boje, osve\u017eit \u0107e svaki prostor. Online cena je samo 4708,1 RSD, dok redovna, maloprodajna cena 5885,7 RSD. \u0160irina i du\u017eina plo\u010dice su 30&#215;60 cm. Kliknite na ime serije za [&hellip;]<\/p>\n","protected":false},"featured_media":96386,"template":"","meta":[],"product_cat":[200,999107,999],"product_tag":[],"_links":{"self":[{"href":"https:\/\/www.keramika.com\/srbija\/wp-json\/wp\/v2\/product\/96385"}],"collection":[{"href":"https:\/\/www.keramika.com\/srbija\/wp-json\/wp\/v2\/product"}],"about":[{"href":"https:\/\/www.keramika.com\/srbija\/wp-json\/wp\/v2\/types\/product"}],"wp:featuredmedia":[{"embeddable":true,"href":"https:\/\/www.keramika.com\/srbija\/wp-json\/wp\/v2\/media\/96386"}],"wp:attachment":[{"href":"https:\/\/www.keramika.com\/srbija\/wp-json\/wp\/v2\/media?parent=96385"}],"wp:term":[{"taxonomy":"product_cat","embeddable":true,"href":"https:\/\/www.keramika.com\/srbija\/wp-json\/wp\/v2\/product_cat?post=96385"},{"taxonomy":"product_tag","embeddable":true,"href":"https:\/\/www.keramika.com\/srbija\/wp-json\/wp\/v2\/product_tag?post=96385"}],"curies":[{"name":"wp","href":"https:\/\/api.w.org\/{rel}","templated":true}]}}