{"id":96373,"date":"2017-07-02T12:57:38","date_gmt":"2017-07-02T12:57:38","guid":{"rendered":"http:\/\/www.ceramictiles.com\/srbija\/product\/pamesa-brabant-lava-negro\/"},"modified":"2026-01-04T00:02:44","modified_gmt":"2026-01-04T00:02:44","slug":"pamesa-brabant-lava-negro","status":"publish","type":"product","link":"https:\/\/www.keramika.com\/srbija\/pamesa-brabant-lava-negro\/","title":{"rendered":"Pamesa Brabant Lava Negro"},"content":{"rendered":"<p>Umesto 5885,7 RSD \u0161to je redovna maloprodajna cena keramike, u na\u0161oj online prodavnici, je mo\u017eete dobiti za samo 4708,1 RSD. 9 mm debljina \u0107e zadovoljiti i najzahtevnije kupce. Ove crne kerami\u010dke plo\u010dice, obogatit \u0107e svaki prostor. Dimenzije ovih plo\u010dica su 30&#215;60 cm. Pamesa Brabant Lava Negro dolazi iz \u0160panije, koja je poznata po vrlo visokoj kvaliteta keramike u svetu.<\/p>\n<p>Kliknite na ime serije za sve plo\u010dice u toj seriji: <a class=\"pdfcatal\" href=\"\/\/www.ceramictiles.com\/pdf\/pamesa\/catalogue_pamesa_brabant_lava.pdf\" onclick=\"recordOutboundLink(this, 'E-mail', 'Description PDF');return false;\">Pamesa Ceramica Brabant Lava<\/a><\/p>\n<p>Da bi naru\u010dili model iz PDF kataloga ove serije, molimo vas, da nas kontaktirate na: <a href=\"mailto:zo_mi@ceramictiles.com\" onclick=\"recordOutboundLink(this, 'E-mail', 'Description mail');return false;\">zo_mi@ceramictiles.com<\/a> ili nas pozovite na: For exact offer, PLS send us quantity and product you need with delivery address..<\/p>\n<p>Technical description: 30,3&#215;61,3<\/p>\n","protected":false},"excerpt":{"rendered":"<p>Umesto 5885,7 RSD \u0161to je redovna maloprodajna cena keramike, u na\u0161oj online prodavnici, je mo\u017eete dobiti za samo 4708,1 RSD. 9 mm debljina \u0107e zadovoljiti i najzahtevnije kupce. Ove crne kerami\u010dke plo\u010dice, obogatit \u0107e svaki prostor. Dimenzije ovih plo\u010dica su 30&#215;60 cm. Pamesa Brabant Lava Negro dolazi iz \u0160panije, koja je poznata po vrlo visokoj [&hellip;]<\/p>\n","protected":false},"featured_media":96374,"template":"","meta":[],"product_cat":[200,999107,999],"product_tag":[],"_links":{"self":[{"href":"https:\/\/www.keramika.com\/srbija\/wp-json\/wp\/v2\/product\/96373"}],"collection":[{"href":"https:\/\/www.keramika.com\/srbija\/wp-json\/wp\/v2\/product"}],"about":[{"href":"https:\/\/www.keramika.com\/srbija\/wp-json\/wp\/v2\/types\/product"}],"wp:featuredmedia":[{"embeddable":true,"href":"https:\/\/www.keramika.com\/srbija\/wp-json\/wp\/v2\/media\/96374"}],"wp:attachment":[{"href":"https:\/\/www.keramika.com\/srbija\/wp-json\/wp\/v2\/media?parent=96373"}],"wp:term":[{"taxonomy":"product_cat","embeddable":true,"href":"https:\/\/www.keramika.com\/srbija\/wp-json\/wp\/v2\/product_cat?post=96373"},{"taxonomy":"product_tag","embeddable":true,"href":"https:\/\/www.keramika.com\/srbija\/wp-json\/wp\/v2\/product_tag?post=96373"}],"curies":[{"name":"wp","href":"https:\/\/api.w.org\/{rel}","templated":true}]}}