{"id":96371,"date":"2017-07-02T12:57:15","date_gmt":"2017-07-02T12:57:15","guid":{"rendered":"http:\/\/www.ceramictiles.com\/srbija\/product\/pamesa-athos\/"},"modified":"2026-01-04T00:02:44","modified_gmt":"2026-01-04T00:02:44","slug":"pamesa-athos","status":"publish","type":"product","link":"https:\/\/www.keramika.com\/srbija\/pamesa-athos\/","title":{"rendered":"Pamesa Athos"},"content":{"rendered":"<p>Pamesa Athos je proizvod iz \u0160panije te je izuzetno kvalitetna. Veli\u010dina 21,8&#215;89,3 cm je odli\u010dna za sve podloge. Plo\u010dice sive boje, su letos izuzetno tre\u017eene. U maloprodaji bi morali za tu plo\u010dicu platiti 5885,7 RSD, online cena je samo 4708,1 RSD. 9 mm debljina \u0107e zadovoljiti i najzahtevnije kupce.<\/p>\n<p>Kliknite na ime serije za sve plo\u010dice u toj seriji: <a class=\"pdfcatal\" href=\"\/\/www.ceramictiles.com\/pdf\/pamesa\/catalogue_pamesa_athos.pdf\" onclick=\"recordOutboundLink(this, 'E-mail', 'Description PDF');return false;\">Pamesa Ceramica Athos<\/a><\/p>\n<p>Da bi naru\u010dili model iz PDF kataloga ove serije, molimo vas, da nas kontaktirate na: <a href=\"mailto:zo_mi@ceramictiles.com\" onclick=\"recordOutboundLink(this, 'E-mail', 'Description mail');return false;\">zo_mi@ceramictiles.com<\/a> ili nas pozovite na: For exact offer, PLS send us quantity and product you need with delivery address..<\/p>\n<p>Technical description: 22&#215;85<\/p>\n","protected":false},"excerpt":{"rendered":"<p>Pamesa Athos je proizvod iz \u0160panije te je izuzetno kvalitetna. Veli\u010dina 21,8&#215;89,3 cm je odli\u010dna za sve podloge. Plo\u010dice sive boje, su letos izuzetno tre\u017eene. U maloprodaji bi morali za tu plo\u010dicu platiti 5885,7 RSD, online cena je samo 4708,1 RSD. 9 mm debljina \u0107e zadovoljiti i najzahtevnije kupce. Kliknite na ime serije za sve [&hellip;]<\/p>\n","protected":false},"featured_media":96372,"template":"","meta":[],"product_cat":[200,999107,999],"product_tag":[],"_links":{"self":[{"href":"https:\/\/www.keramika.com\/srbija\/wp-json\/wp\/v2\/product\/96371"}],"collection":[{"href":"https:\/\/www.keramika.com\/srbija\/wp-json\/wp\/v2\/product"}],"about":[{"href":"https:\/\/www.keramika.com\/srbija\/wp-json\/wp\/v2\/types\/product"}],"wp:featuredmedia":[{"embeddable":true,"href":"https:\/\/www.keramika.com\/srbija\/wp-json\/wp\/v2\/media\/96372"}],"wp:attachment":[{"href":"https:\/\/www.keramika.com\/srbija\/wp-json\/wp\/v2\/media?parent=96371"}],"wp:term":[{"taxonomy":"product_cat","embeddable":true,"href":"https:\/\/www.keramika.com\/srbija\/wp-json\/wp\/v2\/product_cat?post=96371"},{"taxonomy":"product_tag","embeddable":true,"href":"https:\/\/www.keramika.com\/srbija\/wp-json\/wp\/v2\/product_tag?post=96371"}],"curies":[{"name":"wp","href":"https:\/\/api.w.org\/{rel}","templated":true}]}}