{"id":96369,"date":"2017-07-02T12:56:59","date_gmt":"2017-07-02T12:56:59","guid":{"rendered":"http:\/\/www.ceramictiles.com\/srbija\/product\/pamesa-age-wood-moka\/"},"modified":"2026-01-04T00:02:44","modified_gmt":"2026-01-04T00:02:44","slug":"pamesa-age-wood-moka","status":"publish","type":"product","link":"https:\/\/www.keramika.com\/srbija\/pamesa-age-wood-moka\/","title":{"rendered":"Pamesa Age Wood Moka"},"content":{"rendered":"<p>\u0160irina i du\u017eina plo\u010dice su 30&#215;60 cm. Umesto 5885,7 RSD \u0161to je redovna maloprodajna cena keramike, u na\u0161oj online prodavnici, je mo\u017eete dobiti za samo 4708,1 RSD. Debljina 9 mm \u010dini plo\u010dicu vrlo izdr\u017eljivom i prijatnom na dodir. Proizvodnja \u0160panije ,koja je poznata u svetu, kao jedana od najboljih proizvo\u0111a\u010da kerami\u010dkih plo\u010dica. Plo\u010dice braon boje osvje\u017eit \u0107e svaki prostor.<\/p>\n<p>Kliknite na ime serije za sve plo\u010dice u toj seriji: <a class=\"pdfcatal\" href=\"\/\/www.ceramictiles.com\/pdf\/pamesa\/catalogue_pamesa_age_wood.pdf\" onclick=\"recordOutboundLink(this, 'E-mail', 'Description PDF');return false;\">Pamesa Ceramica Age Wood<\/a><\/p>\n<p>Da bi naru\u010dili model iz PDF kataloga ove serije, molimo vas, da nas kontaktirate na: <a href=\"mailto:zo_mi@ceramictiles.com\" onclick=\"recordOutboundLink(this, 'E-mail', 'Description mail');return false;\">zo_mi@ceramictiles.com<\/a> ili nas pozovite na: For exact offer, PLS send us quantity and product you need with delivery address..<\/p>\n<p>Technical description: 30,3&#215;61,3<\/p>\n","protected":false},"excerpt":{"rendered":"<p>\u0160irina i du\u017eina plo\u010dice su 30&#215;60 cm. Umesto 5885,7 RSD \u0161to je redovna maloprodajna cena keramike, u na\u0161oj online prodavnici, je mo\u017eete dobiti za samo 4708,1 RSD. Debljina 9 mm \u010dini plo\u010dicu vrlo izdr\u017eljivom i prijatnom na dodir. Proizvodnja \u0160panije ,koja je poznata u svetu, kao jedana od najboljih proizvo\u0111a\u010da kerami\u010dkih plo\u010dica. Plo\u010dice braon boje [&hellip;]<\/p>\n","protected":false},"featured_media":96370,"template":"","meta":[],"product_cat":[200,999107,999],"product_tag":[],"_links":{"self":[{"href":"https:\/\/www.keramika.com\/srbija\/wp-json\/wp\/v2\/product\/96369"}],"collection":[{"href":"https:\/\/www.keramika.com\/srbija\/wp-json\/wp\/v2\/product"}],"about":[{"href":"https:\/\/www.keramika.com\/srbija\/wp-json\/wp\/v2\/types\/product"}],"wp:featuredmedia":[{"embeddable":true,"href":"https:\/\/www.keramika.com\/srbija\/wp-json\/wp\/v2\/media\/96370"}],"wp:attachment":[{"href":"https:\/\/www.keramika.com\/srbija\/wp-json\/wp\/v2\/media?parent=96369"}],"wp:term":[{"taxonomy":"product_cat","embeddable":true,"href":"https:\/\/www.keramika.com\/srbija\/wp-json\/wp\/v2\/product_cat?post=96369"},{"taxonomy":"product_tag","embeddable":true,"href":"https:\/\/www.keramika.com\/srbija\/wp-json\/wp\/v2\/product_tag?post=96369"}],"curies":[{"name":"wp","href":"https:\/\/api.w.org\/{rel}","templated":true}]}}