{"id":96361,"date":"2017-07-02T12:55:44","date_gmt":"2017-07-02T12:55:44","guid":{"rendered":"http:\/\/www.ceramictiles.com\/srbija\/product\/pamesa-quartz-rlv-arena\/"},"modified":"2026-01-04T00:02:43","modified_gmt":"2026-01-04T00:02:43","slug":"pamesa-quartz-rlv-arena","status":"publish","type":"product","link":"https:\/\/www.keramika.com\/srbija\/pamesa-quartz-rlv-arena\/","title":{"rendered":"Pamesa Quartz Rlv Arena"},"content":{"rendered":"<p>Veli\u010dina plo\u010dice je 30&#215;60 cm i odli\u010dna je za razli\u010dite povr\u0161ine. Ta kolekcija, model plo\u010dice, se prodaje najvi\u0161e be\u017e boje. Pamesa Quartz Rlv Arena dolazi iz \u0160panije, koja je poznata po vrlo visokoj kvaliteta keramike u svetu. Redovna cena, ovih plo\u010dica u maloprodaji je 6058,2 RSD. U na\u0161oj online trgovini, je mo\u017eete kupiti za 4846,1 RSD. 9 mm debljine je dovoljno za zahtevnije kupce.<\/p>\n<p>Kliknite na ime serije za sve plo\u010dice u toj seriji: <a class=\"pdfcatal\" href=\"\/\/www.ceramictiles.com\/pdf\/pamesa\/catalogue_pamesa_quartz_relieve.pdf\" onclick=\"recordOutboundLink(this, 'E-mail', 'Description PDF');return false;\">Pamesa Ceramica Quartz Relieve<\/a><\/p>\n<p>Da bi naru\u010dili model iz PDF kataloga ove serije, molimo vas, da nas kontaktirate na: <a href=\"mailto:zo_mi@ceramictiles.com\" onclick=\"recordOutboundLink(this, 'E-mail', 'Description mail');return false;\">zo_mi@ceramictiles.com<\/a> ili nas pozovite na: For exact offer, PLS send us quantity and product you need with delivery address..<\/p>\n<p>Technical description: 30,3&#215;61,3<\/p>\n","protected":false},"excerpt":{"rendered":"<p>Veli\u010dina plo\u010dice je 30&#215;60 cm i odli\u010dna je za razli\u010dite povr\u0161ine. Ta kolekcija, model plo\u010dice, se prodaje najvi\u0161e be\u017e boje. Pamesa Quartz Rlv Arena dolazi iz \u0160panije, koja je poznata po vrlo visokoj kvaliteta keramike u svetu. Redovna cena, ovih plo\u010dica u maloprodaji je 6058,2 RSD. U na\u0161oj online trgovini, je mo\u017eete kupiti za 4846,1 [&hellip;]<\/p>\n","protected":false},"featured_media":96362,"template":"","meta":[],"product_cat":[200,999107,999],"product_tag":[],"_links":{"self":[{"href":"https:\/\/www.keramika.com\/srbija\/wp-json\/wp\/v2\/product\/96361"}],"collection":[{"href":"https:\/\/www.keramika.com\/srbija\/wp-json\/wp\/v2\/product"}],"about":[{"href":"https:\/\/www.keramika.com\/srbija\/wp-json\/wp\/v2\/types\/product"}],"wp:featuredmedia":[{"embeddable":true,"href":"https:\/\/www.keramika.com\/srbija\/wp-json\/wp\/v2\/media\/96362"}],"wp:attachment":[{"href":"https:\/\/www.keramika.com\/srbija\/wp-json\/wp\/v2\/media?parent=96361"}],"wp:term":[{"taxonomy":"product_cat","embeddable":true,"href":"https:\/\/www.keramika.com\/srbija\/wp-json\/wp\/v2\/product_cat?post=96361"},{"taxonomy":"product_tag","embeddable":true,"href":"https:\/\/www.keramika.com\/srbija\/wp-json\/wp\/v2\/product_tag?post=96361"}],"curies":[{"name":"wp","href":"https:\/\/api.w.org\/{rel}","templated":true}]}}