{"id":96359,"date":"2017-07-02T12:55:24","date_gmt":"2017-07-02T12:55:24","guid":{"rendered":"http:\/\/www.ceramictiles.com\/srbija\/product\/pamesa-quartz-arena\/"},"modified":"2026-01-04T00:02:43","modified_gmt":"2026-01-04T00:02:43","slug":"pamesa-quartz-arena","status":"publish","type":"product","link":"https:\/\/www.keramika.com\/srbija\/pamesa-quartz-arena\/","title":{"rendered":"Pamesa Quartz Arena"},"content":{"rendered":"<p>Dimenzije ovih plo\u010dica su 30&#215;60 cm. Ove plo\u010dice dolaze od proizvo\u0111a\u010da Pamesa Ceramica, iz \u0160panije. Ove be\u017e kerami\u010dke plo\u010dice, obogatit \u0107e svaki prostor. 6058,2 RSD je redovna prodajna cena keramike, tu pa samo 4846,1 RSD. Debljina plo\u010dice, je vrlo va\u017ena 9 mm i ubraja tu plo\u010dicu me\u0111u najkvalitetnije.<\/p>\n<p>Kliknite na ime serije za sve plo\u010dice u toj seriji: <a class=\"pdfcatal\" href=\"\/\/www.ceramictiles.com\/pdf\/pamesa\/catalogue_pamesa_quartz.pdf\" onclick=\"recordOutboundLink(this, 'E-mail', 'Description PDF');return false;\">Pamesa Ceramica Quartz<\/a><\/p>\n<p>Da bi naru\u010dili model iz PDF kataloga ove serije, molimo vas, da nas kontaktirate na: <a href=\"mailto:zo_mi@ceramictiles.com\" onclick=\"recordOutboundLink(this, 'E-mail', 'Description mail');return false;\">zo_mi@ceramictiles.com<\/a> ili nas pozovite na: For exact offer, PLS send us quantity and product you need with delivery address..<\/p>\n<p>Technical description: 30,3&#215;61,3<\/p>\n","protected":false},"excerpt":{"rendered":"<p>Dimenzije ovih plo\u010dica su 30&#215;60 cm. Ove plo\u010dice dolaze od proizvo\u0111a\u010da Pamesa Ceramica, iz \u0160panije. Ove be\u017e kerami\u010dke plo\u010dice, obogatit \u0107e svaki prostor. 6058,2 RSD je redovna prodajna cena keramike, tu pa samo 4846,1 RSD. Debljina plo\u010dice, je vrlo va\u017ena 9 mm i ubraja tu plo\u010dicu me\u0111u najkvalitetnije. Kliknite na ime serije za sve plo\u010dice [&hellip;]<\/p>\n","protected":false},"featured_media":96360,"template":"","meta":[],"product_cat":[200,999107,999],"product_tag":[],"_links":{"self":[{"href":"https:\/\/www.keramika.com\/srbija\/wp-json\/wp\/v2\/product\/96359"}],"collection":[{"href":"https:\/\/www.keramika.com\/srbija\/wp-json\/wp\/v2\/product"}],"about":[{"href":"https:\/\/www.keramika.com\/srbija\/wp-json\/wp\/v2\/types\/product"}],"wp:featuredmedia":[{"embeddable":true,"href":"https:\/\/www.keramika.com\/srbija\/wp-json\/wp\/v2\/media\/96360"}],"wp:attachment":[{"href":"https:\/\/www.keramika.com\/srbija\/wp-json\/wp\/v2\/media?parent=96359"}],"wp:term":[{"taxonomy":"product_cat","embeddable":true,"href":"https:\/\/www.keramika.com\/srbija\/wp-json\/wp\/v2\/product_cat?post=96359"},{"taxonomy":"product_tag","embeddable":true,"href":"https:\/\/www.keramika.com\/srbija\/wp-json\/wp\/v2\/product_tag?post=96359"}],"curies":[{"name":"wp","href":"https:\/\/api.w.org\/{rel}","templated":true}]}}