{"id":96353,"date":"2017-07-02T12:54:26","date_gmt":"2017-07-02T12:54:26","guid":{"rendered":"http:\/\/www.ceramictiles.com\/srbija\/product\/pamesa-ikom-adz-blanco\/"},"modified":"2026-01-04T00:02:42","modified_gmt":"2026-01-04T00:02:42","slug":"pamesa-ikom-adz-blanco","status":"publish","type":"product","link":"https:\/\/www.keramika.com\/srbija\/pamesa-ikom-adz-blanco\/","title":{"rendered":"Pamesa Ikom Adz Blanco"},"content":{"rendered":"<p>\u0160irina i du\u017eina plo\u010dice su 30&#215;30 cm. Ova plo\u010dica je debela 9 mm i zato je izuzetno izdr\u017eljiva. Pamesa Ikom Adz Blanco je proizvod iz \u0160panije te je izuzetno kvalitetna. Ta kolekcija, model plo\u010dice, se prodaje najvi\u0161e bele boje. Zbog ni\u017eih tro\u0161kova, online prodaje, Vi \u0107e te na na\u0161oj strani ove plo\u010de platiti samo 4846,1 RSD.<\/p>\n<p>Kliknite na ime serije za sve plo\u010dice u toj seriji: <a class=\"pdfcatal\" href=\"\/\/www.ceramictiles.com\/pdf\/pamesa\/catalogue_pamesa_ikom_adz.pdf\" onclick=\"recordOutboundLink(this, 'E-mail', 'Description PDF');return false;\">Pamesa Ceramica Ikom Adz<\/a><\/p>\n<p>Da bi naru\u010dili model iz PDF kataloga ove serije, molimo vas, da nas kontaktirate na: <a href=\"mailto:zo_mi@ceramictiles.com\" onclick=\"recordOutboundLink(this, 'E-mail', 'Description mail');return false;\">zo_mi@ceramictiles.com<\/a> ili nas pozovite na: For exact offer, PLS send us quantity and product you need with delivery address..<\/p>\n","protected":false},"excerpt":{"rendered":"<p>\u0160irina i du\u017eina plo\u010dice su 30&#215;30 cm. Ova plo\u010dica je debela 9 mm i zato je izuzetno izdr\u017eljiva. Pamesa Ikom Adz Blanco je proizvod iz \u0160panije te je izuzetno kvalitetna. Ta kolekcija, model plo\u010dice, se prodaje najvi\u0161e bele boje. Zbog ni\u017eih tro\u0161kova, online prodaje, Vi \u0107e te na na\u0161oj strani ove plo\u010de platiti samo 4846,1 [&hellip;]<\/p>\n","protected":false},"featured_media":96354,"template":"","meta":[],"product_cat":[200,999107,999],"product_tag":[],"_links":{"self":[{"href":"https:\/\/www.keramika.com\/srbija\/wp-json\/wp\/v2\/product\/96353"}],"collection":[{"href":"https:\/\/www.keramika.com\/srbija\/wp-json\/wp\/v2\/product"}],"about":[{"href":"https:\/\/www.keramika.com\/srbija\/wp-json\/wp\/v2\/types\/product"}],"wp:featuredmedia":[{"embeddable":true,"href":"https:\/\/www.keramika.com\/srbija\/wp-json\/wp\/v2\/media\/96354"}],"wp:attachment":[{"href":"https:\/\/www.keramika.com\/srbija\/wp-json\/wp\/v2\/media?parent=96353"}],"wp:term":[{"taxonomy":"product_cat","embeddable":true,"href":"https:\/\/www.keramika.com\/srbija\/wp-json\/wp\/v2\/product_cat?post=96353"},{"taxonomy":"product_tag","embeddable":true,"href":"https:\/\/www.keramika.com\/srbija\/wp-json\/wp\/v2\/product_tag?post=96353"}],"curies":[{"name":"wp","href":"https:\/\/api.w.org\/{rel}","templated":true}]}}