{"id":96343,"date":"2017-07-02T12:52:55","date_gmt":"2017-07-02T12:52:55","guid":{"rendered":"http:\/\/www.ceramictiles.com\/srbija\/product\/pamesa-davos-diagonal-negro\/"},"modified":"2026-01-04T00:02:41","modified_gmt":"2026-01-04T00:02:41","slug":"pamesa-davos-diagonal-negro","status":"publish","type":"product","link":"https:\/\/www.keramika.com\/srbija\/pamesa-davos-diagonal-negro\/","title":{"rendered":"Pamesa Davos Diagonal Negro"},"content":{"rendered":"<p>6058,2 RSD je redovna prodajna cena keramike, tu pa samo 4846,1 RSD. plo\u010dica proizvo\u0111a\u010da Pamesa Ceramica iz \u0160panije. Plo\u010dica 30&#215;60 cm je dobra za ve\u0107 razli\u010ditih namena. Plo\u010dice crne boje, su letos izuzetno tre\u017eene. Debljina plo\u010dice, je vrlo va\u017ena 9 mm i ubraja tu plo\u010dicu me\u0111u najkvalitetnije.<\/p>\n<p>Kliknite na ime serije za sve plo\u010dice u toj seriji: <a class=\"pdfcatal\" href=\"\/\/www.ceramictiles.com\/pdf\/pamesa\/catalogue_pamesa_davos_diagonal.pdf\" onclick=\"recordOutboundLink(this, 'E-mail', 'Description PDF');return false;\">Pamesa Ceramica Davos Diagonal<\/a><\/p>\n<p>Da bi naru\u010dili model iz PDF kataloga ove serije, molimo vas, da nas kontaktirate na: <a href=\"mailto:zo_mi@ceramictiles.com\" onclick=\"recordOutboundLink(this, 'E-mail', 'Description mail');return false;\">zo_mi@ceramictiles.com<\/a> ili nas pozovite na: For exact offer, PLS send us quantity and product you need with delivery address..<\/p>\n<p>Technical description: 30,3&#215;61,3<\/p>\n","protected":false},"excerpt":{"rendered":"<p>6058,2 RSD je redovna prodajna cena keramike, tu pa samo 4846,1 RSD. plo\u010dica proizvo\u0111a\u010da Pamesa Ceramica iz \u0160panije. Plo\u010dica 30&#215;60 cm je dobra za ve\u0107 razli\u010ditih namena. Plo\u010dice crne boje, su letos izuzetno tre\u017eene. Debljina plo\u010dice, je vrlo va\u017ena 9 mm i ubraja tu plo\u010dicu me\u0111u najkvalitetnije. Kliknite na ime serije za sve plo\u010dice u [&hellip;]<\/p>\n","protected":false},"featured_media":96344,"template":"","meta":[],"product_cat":[200,999107,999],"product_tag":[],"_links":{"self":[{"href":"https:\/\/www.keramika.com\/srbija\/wp-json\/wp\/v2\/product\/96343"}],"collection":[{"href":"https:\/\/www.keramika.com\/srbija\/wp-json\/wp\/v2\/product"}],"about":[{"href":"https:\/\/www.keramika.com\/srbija\/wp-json\/wp\/v2\/types\/product"}],"wp:featuredmedia":[{"embeddable":true,"href":"https:\/\/www.keramika.com\/srbija\/wp-json\/wp\/v2\/media\/96344"}],"wp:attachment":[{"href":"https:\/\/www.keramika.com\/srbija\/wp-json\/wp\/v2\/media?parent=96343"}],"wp:term":[{"taxonomy":"product_cat","embeddable":true,"href":"https:\/\/www.keramika.com\/srbija\/wp-json\/wp\/v2\/product_cat?post=96343"},{"taxonomy":"product_tag","embeddable":true,"href":"https:\/\/www.keramika.com\/srbija\/wp-json\/wp\/v2\/product_tag?post=96343"}],"curies":[{"name":"wp","href":"https:\/\/api.w.org\/{rel}","templated":true}]}}