{"id":96341,"date":"2017-07-02T12:52:37","date_gmt":"2017-07-02T12:52:37","guid":{"rendered":"http:\/\/www.ceramictiles.com\/srbija\/product\/pamesa-davos-beige\/"},"modified":"2026-01-04T00:02:41","modified_gmt":"2026-01-04T00:02:41","slug":"pamesa-davos-beige","status":"publish","type":"product","link":"https:\/\/www.keramika.com\/srbija\/pamesa-davos-beige\/","title":{"rendered":"Pamesa Davos Beige"},"content":{"rendered":"<p>\u0160irina i du\u017eina plo\u010dice su 30&#215;60 cm. 9 mm debljine je dovoljno za zahtevnije kupce. Umesto 6058,2 RSD \u0161to je redovna maloprodajna cena keramike, u na\u0161oj online prodavnici, je mo\u017eete dobiti za samo 4846,1 RSD. U izboru plo\u010dica be\u017e boje, ne mo\u017eete pogre\u0161iti. plo\u010dica proizvo\u0111a\u010da Pamesa Ceramica iz \u0160panije.<\/p>\n<p>Kliknite na ime serije za sve plo\u010dice u toj seriji: <a class=\"pdfcatal\" href=\"\/\/www.ceramictiles.com\/pdf\/pamesa\/catalogue_pamesa_davos.pdf\" onclick=\"recordOutboundLink(this, 'E-mail', 'Description PDF');return false;\">Pamesa Ceramica Davos<\/a><\/p>\n<p>Da bi naru\u010dili model iz PDF kataloga ove serije, molimo vas, da nas kontaktirate na: <a href=\"mailto:zo_mi@ceramictiles.com\" onclick=\"recordOutboundLink(this, 'E-mail', 'Description mail');return false;\">zo_mi@ceramictiles.com<\/a> ili nas pozovite na: For exact offer, PLS send us quantity and product you need with delivery address..<\/p>\n<p>Technical description: 30,3&#215;61,3<\/p>\n","protected":false},"excerpt":{"rendered":"<p>\u0160irina i du\u017eina plo\u010dice su 30&#215;60 cm. 9 mm debljine je dovoljno za zahtevnije kupce. Umesto 6058,2 RSD \u0161to je redovna maloprodajna cena keramike, u na\u0161oj online prodavnici, je mo\u017eete dobiti za samo 4846,1 RSD. U izboru plo\u010dica be\u017e boje, ne mo\u017eete pogre\u0161iti. plo\u010dica proizvo\u0111a\u010da Pamesa Ceramica iz \u0160panije. Kliknite na ime serije za sve [&hellip;]<\/p>\n","protected":false},"featured_media":96342,"template":"","meta":[],"product_cat":[200,999107,999],"product_tag":[],"_links":{"self":[{"href":"https:\/\/www.keramika.com\/srbija\/wp-json\/wp\/v2\/product\/96341"}],"collection":[{"href":"https:\/\/www.keramika.com\/srbija\/wp-json\/wp\/v2\/product"}],"about":[{"href":"https:\/\/www.keramika.com\/srbija\/wp-json\/wp\/v2\/types\/product"}],"wp:featuredmedia":[{"embeddable":true,"href":"https:\/\/www.keramika.com\/srbija\/wp-json\/wp\/v2\/media\/96342"}],"wp:attachment":[{"href":"https:\/\/www.keramika.com\/srbija\/wp-json\/wp\/v2\/media?parent=96341"}],"wp:term":[{"taxonomy":"product_cat","embeddable":true,"href":"https:\/\/www.keramika.com\/srbija\/wp-json\/wp\/v2\/product_cat?post=96341"},{"taxonomy":"product_tag","embeddable":true,"href":"https:\/\/www.keramika.com\/srbija\/wp-json\/wp\/v2\/product_tag?post=96341"}],"curies":[{"name":"wp","href":"https:\/\/api.w.org\/{rel}","templated":true}]}}