{"id":96327,"date":"2017-07-02T12:50:32","date_gmt":"2017-07-02T12:50:32","guid":{"rendered":"http:\/\/www.ceramictiles.com\/srbija\/product\/pamesa-spa-blanco\/"},"modified":"2026-01-04T00:02:39","modified_gmt":"2026-01-04T00:02:39","slug":"pamesa-spa-blanco","status":"publish","type":"product","link":"https:\/\/www.keramika.com\/srbija\/pamesa-spa-blanco\/","title":{"rendered":"Pamesa Spa Blanco"},"content":{"rendered":"<p>Debljina 9 mm \u010dini plo\u010dicu vrlo izdr\u017eljivom i prijatnom na dodir. Plo\u010dice bele boje osvje\u017eit \u0107e svaki prostor. Pamesa Spa Blanco je proizvod iz \u0160panije te je izuzetno kvalitetna. Umesto 6399,75 RSD \u0161to je redovna maloprodajna cena keramike, u na\u0161oj online prodavnici, je mo\u017eete dobiti za samo 5119,8 RSD. Dimenzije ovih plo\u010dica su 25&#215;75 cm.<\/p>\n<p>Kliknite na ime serije za sve plo\u010dice u toj seriji: <a class=\"pdfcatal\" href=\"\/\/www.ceramictiles.com\/pdf\/pamesa\/catalogue_pamesa_spa.pdf\" onclick=\"recordOutboundLink(this, 'E-mail', 'Description PDF');return false;\">Pamesa Ceramica Spa<\/a><\/p>\n<p>Da bi naru\u010dili model iz PDF kataloga ove serije, molimo vas, da nas kontaktirate na: <a href=\"mailto:zo_mi@ceramictiles.com\" onclick=\"recordOutboundLink(this, 'E-mail', 'Description mail');return false;\">zo_mi@ceramictiles.com<\/a> ili nas pozovite na: For exact offer, PLS send us quantity and product you need with delivery address..<\/p>\n","protected":false},"excerpt":{"rendered":"<p>Debljina 9 mm \u010dini plo\u010dicu vrlo izdr\u017eljivom i prijatnom na dodir. Plo\u010dice bele boje osvje\u017eit \u0107e svaki prostor. Pamesa Spa Blanco je proizvod iz \u0160panije te je izuzetno kvalitetna. Umesto 6399,75 RSD \u0161to je redovna maloprodajna cena keramike, u na\u0161oj online prodavnici, je mo\u017eete dobiti za samo 5119,8 RSD. Dimenzije ovih plo\u010dica su 25&#215;75 cm. [&hellip;]<\/p>\n","protected":false},"featured_media":96328,"template":"","meta":[],"product_cat":[200,999107,999],"product_tag":[],"_links":{"self":[{"href":"https:\/\/www.keramika.com\/srbija\/wp-json\/wp\/v2\/product\/96327"}],"collection":[{"href":"https:\/\/www.keramika.com\/srbija\/wp-json\/wp\/v2\/product"}],"about":[{"href":"https:\/\/www.keramika.com\/srbija\/wp-json\/wp\/v2\/types\/product"}],"wp:featuredmedia":[{"embeddable":true,"href":"https:\/\/www.keramika.com\/srbija\/wp-json\/wp\/v2\/media\/96328"}],"wp:attachment":[{"href":"https:\/\/www.keramika.com\/srbija\/wp-json\/wp\/v2\/media?parent=96327"}],"wp:term":[{"taxonomy":"product_cat","embeddable":true,"href":"https:\/\/www.keramika.com\/srbija\/wp-json\/wp\/v2\/product_cat?post=96327"},{"taxonomy":"product_tag","embeddable":true,"href":"https:\/\/www.keramika.com\/srbija\/wp-json\/wp\/v2\/product_tag?post=96327"}],"curies":[{"name":"wp","href":"https:\/\/api.w.org\/{rel}","templated":true}]}}