{"id":96319,"date":"2017-07-02T12:49:14","date_gmt":"2017-07-02T12:49:14","guid":{"rendered":"http:\/\/www.ceramictiles.com\/srbija\/product\/pamesa-buxi-adz-lineal-bambu\/"},"modified":"2026-01-04T00:02:38","modified_gmt":"2026-01-04T00:02:38","slug":"pamesa-buxi-adz-lineal-bambu","status":"publish","type":"product","link":"https:\/\/www.keramika.com\/srbija\/pamesa-buxi-adz-lineal-bambu\/","title":{"rendered":"Pamesa Buxi Adz Lineal Bambu"},"content":{"rendered":"<p>Umesto 6399,75 RSD \u0161to je redovna maloprodajna cena keramike, u na\u0161oj online prodavnici, je mo\u017eete dobiti za samo 5119,8 RSD. Veli\u010dina ove plo\u010dice je 45&#215;45 cm. plo\u010dica proizvo\u0111a\u010da Pamesa Ceramica iz \u0160panije. Ta kolekcija, model plo\u010dice, se prodaje najvi\u0161e braon boje. 9 mm debljine je dovoljno za zahtevnije kupce.<\/p>\n<p>Kliknite na ime serije za sve plo\u010dice u toj seriji: <a class=\"pdfcatal\" href=\"\/\/www.ceramictiles.com\/pdf\/pamesa\/catalogue_pamesa_buxi_adz_lineal.pdf\" onclick=\"recordOutboundLink(this, 'E-mail', 'Description PDF');return false;\">Pamesa Ceramica Buxi Adz Lineal<\/a><\/p>\n<p>Da bi naru\u010dili model iz PDF kataloga ove serije, molimo vas, da nas kontaktirate na: <a href=\"mailto:zo_mi@ceramictiles.com\" onclick=\"recordOutboundLink(this, 'E-mail', 'Description mail');return false;\">zo_mi@ceramictiles.com<\/a> ili nas pozovite na: For exact offer, PLS send us quantity and product you need with delivery address..<\/p>\n","protected":false},"excerpt":{"rendered":"<p>Umesto 6399,75 RSD \u0161to je redovna maloprodajna cena keramike, u na\u0161oj online prodavnici, je mo\u017eete dobiti za samo 5119,8 RSD. Veli\u010dina ove plo\u010dice je 45&#215;45 cm. plo\u010dica proizvo\u0111a\u010da Pamesa Ceramica iz \u0160panije. Ta kolekcija, model plo\u010dice, se prodaje najvi\u0161e braon boje. 9 mm debljine je dovoljno za zahtevnije kupce. Kliknite na ime serije za sve [&hellip;]<\/p>\n","protected":false},"featured_media":96320,"template":"","meta":[],"product_cat":[200,999107,999],"product_tag":[],"_links":{"self":[{"href":"https:\/\/www.keramika.com\/srbija\/wp-json\/wp\/v2\/product\/96319"}],"collection":[{"href":"https:\/\/www.keramika.com\/srbija\/wp-json\/wp\/v2\/product"}],"about":[{"href":"https:\/\/www.keramika.com\/srbija\/wp-json\/wp\/v2\/types\/product"}],"wp:featuredmedia":[{"embeddable":true,"href":"https:\/\/www.keramika.com\/srbija\/wp-json\/wp\/v2\/media\/96320"}],"wp:attachment":[{"href":"https:\/\/www.keramika.com\/srbija\/wp-json\/wp\/v2\/media?parent=96319"}],"wp:term":[{"taxonomy":"product_cat","embeddable":true,"href":"https:\/\/www.keramika.com\/srbija\/wp-json\/wp\/v2\/product_cat?post=96319"},{"taxonomy":"product_tag","embeddable":true,"href":"https:\/\/www.keramika.com\/srbija\/wp-json\/wp\/v2\/product_tag?post=96319"}],"curies":[{"name":"wp","href":"https:\/\/api.w.org\/{rel}","templated":true}]}}