{"id":96317,"date":"2017-07-02T12:48:55","date_gmt":"2017-07-02T12:48:55","guid":{"rendered":"http:\/\/www.ceramictiles.com\/srbija\/product\/pamesa-blois-cuadro-plata\/"},"modified":"2026-01-04T00:02:38","modified_gmt":"2026-01-04T00:02:38","slug":"pamesa-blois-cuadro-plata","status":"publish","type":"product","link":"https:\/\/www.keramika.com\/srbija\/pamesa-blois-cuadro-plata\/","title":{"rendered":"Pamesa Blois Cuadro Plata"},"content":{"rendered":"<p>Pamesa Blois Cuadro Plata dolazi iz \u0160panije, koja je poznata po vrlo visokoj kvaliteta keramike u svetu. \u0160irina i du\u017eina plo\u010dice su 25&#215;75 cm. Online cena je samo 5119,8 RSD, dok redovna, maloprodajna cena 6399,75 RSD. Izuzetno moderne plo\u010dice be\u017e boje, osve\u017eit \u0107e svaki prostor. Plo\u010dica je debela 9 mm, \u0161to je ubraja u tvrde plo\u010dice.<\/p>\n<p>Kliknite na ime serije za sve plo\u010dice u toj seriji: <a class=\"pdfcatal\" href=\"\/\/www.ceramictiles.com\/pdf\/pamesa\/catalogue_pamesa_blois_cuadro.pdf\" onclick=\"recordOutboundLink(this, 'E-mail', 'Description PDF');return false;\">Pamesa Ceramica Blois Cuadro<\/a><\/p>\n<p>Da bi naru\u010dili model iz PDF kataloga ove serije, molimo vas, da nas kontaktirate na: <a href=\"mailto:zo_mi@ceramictiles.com\" onclick=\"recordOutboundLink(this, 'E-mail', 'Description mail');return false;\">zo_mi@ceramictiles.com<\/a> ili nas pozovite na: For exact offer, PLS send us quantity and product you need with delivery address..<\/p>\n","protected":false},"excerpt":{"rendered":"<p>Pamesa Blois Cuadro Plata dolazi iz \u0160panije, koja je poznata po vrlo visokoj kvaliteta keramike u svetu. \u0160irina i du\u017eina plo\u010dice su 25&#215;75 cm. Online cena je samo 5119,8 RSD, dok redovna, maloprodajna cena 6399,75 RSD. Izuzetno moderne plo\u010dice be\u017e boje, osve\u017eit \u0107e svaki prostor. Plo\u010dica je debela 9 mm, \u0161to je ubraja u tvrde [&hellip;]<\/p>\n","protected":false},"featured_media":96318,"template":"","meta":[],"product_cat":[200,999107,999],"product_tag":[],"_links":{"self":[{"href":"https:\/\/www.keramika.com\/srbija\/wp-json\/wp\/v2\/product\/96317"}],"collection":[{"href":"https:\/\/www.keramika.com\/srbija\/wp-json\/wp\/v2\/product"}],"about":[{"href":"https:\/\/www.keramika.com\/srbija\/wp-json\/wp\/v2\/types\/product"}],"wp:featuredmedia":[{"embeddable":true,"href":"https:\/\/www.keramika.com\/srbija\/wp-json\/wp\/v2\/media\/96318"}],"wp:attachment":[{"href":"https:\/\/www.keramika.com\/srbija\/wp-json\/wp\/v2\/media?parent=96317"}],"wp:term":[{"taxonomy":"product_cat","embeddable":true,"href":"https:\/\/www.keramika.com\/srbija\/wp-json\/wp\/v2\/product_cat?post=96317"},{"taxonomy":"product_tag","embeddable":true,"href":"https:\/\/www.keramika.com\/srbija\/wp-json\/wp\/v2\/product_tag?post=96317"}],"curies":[{"name":"wp","href":"https:\/\/api.w.org\/{rel}","templated":true}]}}