{"id":96315,"date":"2017-07-02T12:48:37","date_gmt":"2017-07-02T12:48:37","guid":{"rendered":"http:\/\/www.ceramictiles.com\/srbija\/product\/pamesa-blois-tabla-plata\/"},"modified":"2026-01-04T00:02:38","modified_gmt":"2026-01-04T00:02:38","slug":"pamesa-blois-tabla-plata","status":"publish","type":"product","link":"https:\/\/www.keramika.com\/srbija\/pamesa-blois-tabla-plata\/","title":{"rendered":"Pamesa Blois Tabla Plata"},"content":{"rendered":"<p>Pamesa Blois Tabla Plata dolazi iz \u0160panije, koja je poznata po vrlo visokoj kvaliteta keramike u svetu. Veli\u010dina 25&#215;75 cm je odli\u010dna za sve podloge. U maloprodaji bi morali za tu plo\u010dicu platiti 6399,75 RSD, online cena je samo 5119,8 RSD. Ove be\u017e kerami\u010dke plo\u010dice, obogatit \u0107e svaki prostor. Debljina plo\u010dice, je vrlo va\u017ena 9 mm i ubraja tu plo\u010dicu me\u0111u najkvalitetnije.<\/p>\n<p>Kliknite na ime serije za sve plo\u010dice u toj seriji: <a class=\"pdfcatal\" href=\"\/\/www.ceramictiles.com\/pdf\/pamesa\/catalogue_pamesa_blois_tabla.pdf\" onclick=\"recordOutboundLink(this, 'E-mail', 'Description PDF');return false;\">Pamesa Ceramica Blois Tabla<\/a><\/p>\n<p>Da bi naru\u010dili model iz PDF kataloga ove serije, molimo vas, da nas kontaktirate na: <a href=\"mailto:zo_mi@ceramictiles.com\" onclick=\"recordOutboundLink(this, 'E-mail', 'Description mail');return false;\">zo_mi@ceramictiles.com<\/a> ili nas pozovite na: For exact offer, PLS send us quantity and product you need with delivery address..<\/p>\n","protected":false},"excerpt":{"rendered":"<p>Pamesa Blois Tabla Plata dolazi iz \u0160panije, koja je poznata po vrlo visokoj kvaliteta keramike u svetu. Veli\u010dina 25&#215;75 cm je odli\u010dna za sve podloge. U maloprodaji bi morali za tu plo\u010dicu platiti 6399,75 RSD, online cena je samo 5119,8 RSD. Ove be\u017e kerami\u010dke plo\u010dice, obogatit \u0107e svaki prostor. Debljina plo\u010dice, je vrlo va\u017ena 9 [&hellip;]<\/p>\n","protected":false},"featured_media":96316,"template":"","meta":[],"product_cat":[200,999107,999],"product_tag":[],"_links":{"self":[{"href":"https:\/\/www.keramika.com\/srbija\/wp-json\/wp\/v2\/product\/96315"}],"collection":[{"href":"https:\/\/www.keramika.com\/srbija\/wp-json\/wp\/v2\/product"}],"about":[{"href":"https:\/\/www.keramika.com\/srbija\/wp-json\/wp\/v2\/types\/product"}],"wp:featuredmedia":[{"embeddable":true,"href":"https:\/\/www.keramika.com\/srbija\/wp-json\/wp\/v2\/media\/96316"}],"wp:attachment":[{"href":"https:\/\/www.keramika.com\/srbija\/wp-json\/wp\/v2\/media?parent=96315"}],"wp:term":[{"taxonomy":"product_cat","embeddable":true,"href":"https:\/\/www.keramika.com\/srbija\/wp-json\/wp\/v2\/product_cat?post=96315"},{"taxonomy":"product_tag","embeddable":true,"href":"https:\/\/www.keramika.com\/srbija\/wp-json\/wp\/v2\/product_tag?post=96315"}],"curies":[{"name":"wp","href":"https:\/\/api.w.org\/{rel}","templated":true}]}}