{"id":96311,"date":"2017-07-02T12:48:01","date_gmt":"2017-07-02T12:48:01","guid":{"rendered":"http:\/\/www.ceramictiles.com\/srbija\/product\/pamesa-thule-marfil-2\/"},"modified":"2026-01-04T00:02:38","modified_gmt":"2026-01-04T00:02:38","slug":"pamesa-thule-marfil-2","status":"publish","type":"product","link":"https:\/\/www.keramika.com\/srbija\/pamesa-thule-marfil-2\/","title":{"rendered":"Pamesa Thule Marfil"},"content":{"rendered":"<p>9 mm debljine je dovoljno za zahtevnije kupce. plo\u010dica proizvo\u0111a\u010da Pamesa Ceramica iz \u0160panije. Plo\u010dice be\u017e boje osvje\u017eit \u0107e svaki prostor. \u0160irina i du\u017eina plo\u010dice su 60&#215;60 cm. Redovna cena, ovih plo\u010dica u maloprodaji je 6744,75 RSD. U na\u0161oj online trgovini, je mo\u017eete kupiti za 5395,8 RSD.<\/p>\n<p>Kliknite na ime serije za sve plo\u010dice u toj seriji: <a class=\"pdfcatal\" href=\"\/\/www.ceramictiles.com\/pdf\/pamesa\/catalogue_pamesa_thule.pdf\" onclick=\"recordOutboundLink(this, 'E-mail', 'Description PDF');return false;\">Pamesa Ceramica Thule<\/a><\/p>\n<p>Da bi naru\u010dili model iz PDF kataloga ove serije, molimo vas, da nas kontaktirate na: <a href=\"mailto:zo_mi@ceramictiles.com\" onclick=\"recordOutboundLink(this, 'E-mail', 'Description mail');return false;\">zo_mi@ceramictiles.com<\/a> ili nas pozovite na: For exact offer, PLS send us quantity and product you need with delivery address..<\/p>\n<p>Technical description: 89,3&#215;21,8<\/p>\n","protected":false},"excerpt":{"rendered":"<p>9 mm debljine je dovoljno za zahtevnije kupce. plo\u010dica proizvo\u0111a\u010da Pamesa Ceramica iz \u0160panije. Plo\u010dice be\u017e boje osvje\u017eit \u0107e svaki prostor. \u0160irina i du\u017eina plo\u010dice su 60&#215;60 cm. Redovna cena, ovih plo\u010dica u maloprodaji je 6744,75 RSD. U na\u0161oj online trgovini, je mo\u017eete kupiti za 5395,8 RSD. Kliknite na ime serije za sve plo\u010dice u [&hellip;]<\/p>\n","protected":false},"featured_media":96312,"template":"","meta":[],"product_cat":[200,999107,999],"product_tag":[],"_links":{"self":[{"href":"https:\/\/www.keramika.com\/srbija\/wp-json\/wp\/v2\/product\/96311"}],"collection":[{"href":"https:\/\/www.keramika.com\/srbija\/wp-json\/wp\/v2\/product"}],"about":[{"href":"https:\/\/www.keramika.com\/srbija\/wp-json\/wp\/v2\/types\/product"}],"wp:featuredmedia":[{"embeddable":true,"href":"https:\/\/www.keramika.com\/srbija\/wp-json\/wp\/v2\/media\/96312"}],"wp:attachment":[{"href":"https:\/\/www.keramika.com\/srbija\/wp-json\/wp\/v2\/media?parent=96311"}],"wp:term":[{"taxonomy":"product_cat","embeddable":true,"href":"https:\/\/www.keramika.com\/srbija\/wp-json\/wp\/v2\/product_cat?post=96311"},{"taxonomy":"product_tag","embeddable":true,"href":"https:\/\/www.keramika.com\/srbija\/wp-json\/wp\/v2\/product_tag?post=96311"}],"curies":[{"name":"wp","href":"https:\/\/api.w.org\/{rel}","templated":true}]}}