{"id":96309,"date":"2017-07-02T12:47:46","date_gmt":"2017-07-02T12:47:46","guid":{"rendered":"http:\/\/www.ceramictiles.com\/srbija\/product\/pamesa-style-perla-2\/"},"modified":"2026-01-04T00:02:37","modified_gmt":"2026-01-04T00:02:37","slug":"pamesa-style-perla-2","status":"publish","type":"product","link":"https:\/\/www.keramika.com\/srbija\/pamesa-style-perla-2\/","title":{"rendered":"Pamesa Style Perla"},"content":{"rendered":"<p>Plo\u010dica je debela 9 mm, \u0161to je ubraja u tvrde plo\u010dice. Ove sive kerami\u010dke plo\u010dice, obogatit \u0107e svaki prostor. plo\u010dica proizvo\u0111a\u010da Pamesa Ceramica iz \u0160panije. 6744,75 RSD je redovna prodajna cena keramike, tu pa samo 5395,8 RSD. Plo\u010dica na sliki je 60&#215;60 cm.<\/p>\n<p>Kliknite na ime serije za sve plo\u010dice u toj seriji: <a class=\"pdfcatal\" href=\"\/\/www.ceramictiles.com\/pdf\/pamesa\/catalogue_pamesa_style.pdf\" onclick=\"recordOutboundLink(this, 'E-mail', 'Description PDF');return false;\">Pamesa Ceramica Style<\/a><\/p>\n<p>Da bi naru\u010dili model iz PDF kataloga ove serije, molimo vas, da nas kontaktirate na: <a href=\"mailto:zo_mi@ceramictiles.com\" onclick=\"recordOutboundLink(this, 'E-mail', 'Description mail');return false;\">zo_mi@ceramictiles.com<\/a> ili nas pozovite na: For exact offer, PLS send us quantity and product you need with delivery address..<\/p>\n","protected":false},"excerpt":{"rendered":"<p>Plo\u010dica je debela 9 mm, \u0161to je ubraja u tvrde plo\u010dice. Ove sive kerami\u010dke plo\u010dice, obogatit \u0107e svaki prostor. plo\u010dica proizvo\u0111a\u010da Pamesa Ceramica iz \u0160panije. 6744,75 RSD je redovna prodajna cena keramike, tu pa samo 5395,8 RSD. Plo\u010dica na sliki je 60&#215;60 cm. Kliknite na ime serije za sve plo\u010dice u toj seriji: Pamesa Ceramica [&hellip;]<\/p>\n","protected":false},"featured_media":96310,"template":"","meta":[],"product_cat":[200,999107,999],"product_tag":[],"_links":{"self":[{"href":"https:\/\/www.keramika.com\/srbija\/wp-json\/wp\/v2\/product\/96309"}],"collection":[{"href":"https:\/\/www.keramika.com\/srbija\/wp-json\/wp\/v2\/product"}],"about":[{"href":"https:\/\/www.keramika.com\/srbija\/wp-json\/wp\/v2\/types\/product"}],"wp:featuredmedia":[{"embeddable":true,"href":"https:\/\/www.keramika.com\/srbija\/wp-json\/wp\/v2\/media\/96310"}],"wp:attachment":[{"href":"https:\/\/www.keramika.com\/srbija\/wp-json\/wp\/v2\/media?parent=96309"}],"wp:term":[{"taxonomy":"product_cat","embeddable":true,"href":"https:\/\/www.keramika.com\/srbija\/wp-json\/wp\/v2\/product_cat?post=96309"},{"taxonomy":"product_tag","embeddable":true,"href":"https:\/\/www.keramika.com\/srbija\/wp-json\/wp\/v2\/product_tag?post=96309"}],"curies":[{"name":"wp","href":"https:\/\/api.w.org\/{rel}","templated":true}]}}