{"id":96301,"date":"2017-07-02T12:46:27","date_gmt":"2017-07-02T12:46:27","guid":{"rendered":"http:\/\/www.ceramictiles.com\/srbija\/product\/pamesa-giotto-marfil\/"},"modified":"2026-01-04T00:02:36","modified_gmt":"2026-01-04T00:02:36","slug":"pamesa-giotto-marfil","status":"publish","type":"product","link":"https:\/\/www.keramika.com\/srbija\/pamesa-giotto-marfil\/","title":{"rendered":"Pamesa Giotto Marfil"},"content":{"rendered":"<p>Plo\u010dica na sliki je 30&#215;60 cm. Keramika je prekrasne be\u017e boje. U koliko \u017eelite neku drugu boju, pozovite nas i mi \u0107emo proveriti kod proizvo\u0111a\u010da. 6744,75 RSD je redovna prodajna cena keramike, tu pa samo 5395,8 RSD. Ova plo\u010dica je debela 9 mm i zato je izuzetno izdr\u017eljiva. plo\u010dica proizvo\u0111a\u010da Pamesa Ceramica iz \u0160panije.<\/p>\n<p>Kliknite na ime serije za sve plo\u010dice u toj seriji: <a class=\"pdfcatal\" href=\"\/\/www.ceramictiles.com\/pdf\/pamesa\/catalogue_pamesa_giotto_luxglass.pdf\" onclick=\"recordOutboundLink(this, 'E-mail', 'Description PDF');return false;\">Pamesa Ceramica Giotto Luxglass<\/a><\/p>\n<p>Da bi naru\u010dili model iz PDF kataloga ove serije, molimo vas, da nas kontaktirate na: <a href=\"mailto:zo_mi@ceramictiles.com\" onclick=\"recordOutboundLink(this, 'E-mail', 'Description mail');return false;\">zo_mi@ceramictiles.com<\/a> ili nas pozovite na: For exact offer, PLS send us quantity and product you need with delivery address..<\/p>\n","protected":false},"excerpt":{"rendered":"<p>Plo\u010dica na sliki je 30&#215;60 cm. Keramika je prekrasne be\u017e boje. U koliko \u017eelite neku drugu boju, pozovite nas i mi \u0107emo proveriti kod proizvo\u0111a\u010da. 6744,75 RSD je redovna prodajna cena keramike, tu pa samo 5395,8 RSD. Ova plo\u010dica je debela 9 mm i zato je izuzetno izdr\u017eljiva. plo\u010dica proizvo\u0111a\u010da Pamesa Ceramica iz \u0160panije. Kliknite [&hellip;]<\/p>\n","protected":false},"featured_media":96302,"template":"","meta":[],"product_cat":[200,999107,999],"product_tag":[],"_links":{"self":[{"href":"https:\/\/www.keramika.com\/srbija\/wp-json\/wp\/v2\/product\/96301"}],"collection":[{"href":"https:\/\/www.keramika.com\/srbija\/wp-json\/wp\/v2\/product"}],"about":[{"href":"https:\/\/www.keramika.com\/srbija\/wp-json\/wp\/v2\/types\/product"}],"wp:featuredmedia":[{"embeddable":true,"href":"https:\/\/www.keramika.com\/srbija\/wp-json\/wp\/v2\/media\/96302"}],"wp:attachment":[{"href":"https:\/\/www.keramika.com\/srbija\/wp-json\/wp\/v2\/media?parent=96301"}],"wp:term":[{"taxonomy":"product_cat","embeddable":true,"href":"https:\/\/www.keramika.com\/srbija\/wp-json\/wp\/v2\/product_cat?post=96301"},{"taxonomy":"product_tag","embeddable":true,"href":"https:\/\/www.keramika.com\/srbija\/wp-json\/wp\/v2\/product_tag?post=96301"}],"curies":[{"name":"wp","href":"https:\/\/api.w.org\/{rel}","templated":true}]}}