{"id":96299,"date":"2017-07-02T12:46:10","date_gmt":"2017-07-02T12:46:10","guid":{"rendered":"http:\/\/www.ceramictiles.com\/srbija\/product\/pamesa-age-beton-moka\/"},"modified":"2026-01-04T00:02:36","modified_gmt":"2026-01-04T00:02:36","slug":"pamesa-age-beton-moka","status":"publish","type":"product","link":"https:\/\/www.keramika.com\/srbija\/pamesa-age-beton-moka\/","title":{"rendered":"Pamesa Age Beton Moka"},"content":{"rendered":"<p>Online cena je samo 5669,5 RSD, dok redovna, maloprodajna cena 7086,3 RSD. Izuzetno moderne plo\u010dice braon boje, osve\u017eit \u0107e svaki prostor. Pamesa Age Beton Moka dolazi iz \u0160panije, koja je poznata po vrlo visokoj kvaliteta keramike u svetu. Debljina 9 mm \u010dini plo\u010dicu vrlo izdr\u017eljivom i prijatnom na dodir. Veli\u010dina plo\u010dice je 60&#215;60 cm i odli\u010dna je za razli\u010dite povr\u0161ine.<\/p>\n<p>Kliknite na ime serije za sve plo\u010dice u toj seriji: <a class=\"pdfcatal\" href=\"\/\/www.ceramictiles.com\/pdf\/pamesa\/catalogue_pamesa_age_beton.pdf\" onclick=\"recordOutboundLink(this, 'E-mail', 'Description PDF');return false;\">Pamesa Ceramica Age Beton<\/a><\/p>\n<p>Da bi naru\u010dili model iz PDF kataloga ove serije, molimo vas, da nas kontaktirate na: <a href=\"mailto:zo_mi@ceramictiles.com\" onclick=\"recordOutboundLink(this, 'E-mail', 'Description mail');return false;\">zo_mi@ceramictiles.com<\/a> ili nas pozovite na: For exact offer, PLS send us quantity and product you need with delivery address..<\/p>\n","protected":false},"excerpt":{"rendered":"<p>Online cena je samo 5669,5 RSD, dok redovna, maloprodajna cena 7086,3 RSD. Izuzetno moderne plo\u010dice braon boje, osve\u017eit \u0107e svaki prostor. Pamesa Age Beton Moka dolazi iz \u0160panije, koja je poznata po vrlo visokoj kvaliteta keramike u svetu. Debljina 9 mm \u010dini plo\u010dicu vrlo izdr\u017eljivom i prijatnom na dodir. Veli\u010dina plo\u010dice je 60&#215;60 cm i [&hellip;]<\/p>\n","protected":false},"featured_media":96300,"template":"","meta":[],"product_cat":[200,999107,999],"product_tag":[],"_links":{"self":[{"href":"https:\/\/www.keramika.com\/srbija\/wp-json\/wp\/v2\/product\/96299"}],"collection":[{"href":"https:\/\/www.keramika.com\/srbija\/wp-json\/wp\/v2\/product"}],"about":[{"href":"https:\/\/www.keramika.com\/srbija\/wp-json\/wp\/v2\/types\/product"}],"wp:featuredmedia":[{"embeddable":true,"href":"https:\/\/www.keramika.com\/srbija\/wp-json\/wp\/v2\/media\/96300"}],"wp:attachment":[{"href":"https:\/\/www.keramika.com\/srbija\/wp-json\/wp\/v2\/media?parent=96299"}],"wp:term":[{"taxonomy":"product_cat","embeddable":true,"href":"https:\/\/www.keramika.com\/srbija\/wp-json\/wp\/v2\/product_cat?post=96299"},{"taxonomy":"product_tag","embeddable":true,"href":"https:\/\/www.keramika.com\/srbija\/wp-json\/wp\/v2\/product_tag?post=96299"}],"curies":[{"name":"wp","href":"https:\/\/api.w.org\/{rel}","templated":true}]}}