{"id":96283,"date":"2017-07-02T12:43:41","date_gmt":"2017-07-02T12:43:41","guid":{"rendered":"http:\/\/www.ceramictiles.com\/srbija\/product\/pamesa-northstone-acero\/"},"modified":"2026-01-04T00:02:34","modified_gmt":"2026-01-04T00:02:34","slug":"pamesa-northstone-acero","status":"publish","type":"product","link":"https:\/\/www.keramika.com\/srbija\/pamesa-northstone-acero\/","title":{"rendered":"Pamesa Northstone Acero"},"content":{"rendered":"<p>9 mm debljina \u0107e zadovoljiti i najzahtevnije kupce. Pamesa Northstone Acero je proizvod iz \u0160panije te je izuzetno kvalitetna. Ta kolekcija, model plo\u010dice, se prodaje najvi\u0161e sive boje. 7774 RSD je redovna prodajna cena keramike, tu pa samo 6219,2 RSD. Veli\u010dina plo\u010dice je 60&#215;60 cm i odli\u010dna je za razli\u010dite povr\u0161ine.<\/p>\n<p>Kliknite na ime serije za sve plo\u010dice u toj seriji: <a class=\"pdfcatal\" href=\"\/\/www.ceramictiles.com\/pdf\/pamesa\/catalogue_pamesa_northstone.pdf\" onclick=\"recordOutboundLink(this, 'E-mail', 'Description PDF');return false;\">Pamesa Ceramica Northstone<\/a><\/p>\n<p>Da bi naru\u010dili model iz PDF kataloga ove serije, molimo vas, da nas kontaktirate na: <a href=\"mailto:zo_mi@ceramictiles.com\" onclick=\"recordOutboundLink(this, 'E-mail', 'Description mail');return false;\">zo_mi@ceramictiles.com<\/a> ili nas pozovite na: For exact offer, PLS send us quantity and product you need with delivery address..<\/p>\n","protected":false},"excerpt":{"rendered":"<p>9 mm debljina \u0107e zadovoljiti i najzahtevnije kupce. Pamesa Northstone Acero je proizvod iz \u0160panije te je izuzetno kvalitetna. Ta kolekcija, model plo\u010dice, se prodaje najvi\u0161e sive boje. 7774 RSD je redovna prodajna cena keramike, tu pa samo 6219,2 RSD. Veli\u010dina plo\u010dice je 60&#215;60 cm i odli\u010dna je za razli\u010dite povr\u0161ine. Kliknite na ime serije [&hellip;]<\/p>\n","protected":false},"featured_media":96284,"template":"","meta":[],"product_cat":[200,999107,999],"product_tag":[],"_links":{"self":[{"href":"https:\/\/www.keramika.com\/srbija\/wp-json\/wp\/v2\/product\/96283"}],"collection":[{"href":"https:\/\/www.keramika.com\/srbija\/wp-json\/wp\/v2\/product"}],"about":[{"href":"https:\/\/www.keramika.com\/srbija\/wp-json\/wp\/v2\/types\/product"}],"wp:featuredmedia":[{"embeddable":true,"href":"https:\/\/www.keramika.com\/srbija\/wp-json\/wp\/v2\/media\/96284"}],"wp:attachment":[{"href":"https:\/\/www.keramika.com\/srbija\/wp-json\/wp\/v2\/media?parent=96283"}],"wp:term":[{"taxonomy":"product_cat","embeddable":true,"href":"https:\/\/www.keramika.com\/srbija\/wp-json\/wp\/v2\/product_cat?post=96283"},{"taxonomy":"product_tag","embeddable":true,"href":"https:\/\/www.keramika.com\/srbija\/wp-json\/wp\/v2\/product_tag?post=96283"}],"curies":[{"name":"wp","href":"https:\/\/api.w.org\/{rel}","templated":true}]}}