{"id":96275,"date":"2017-07-02T12:42:24","date_gmt":"2017-07-02T12:42:24","guid":{"rendered":"http:\/\/www.ceramictiles.com\/srbija\/product\/pamesa-metz-vison\/"},"modified":"2026-01-04T00:02:33","modified_gmt":"2026-01-04T00:02:33","slug":"pamesa-metz-vison","status":"publish","type":"product","link":"https:\/\/www.keramika.com\/srbija\/pamesa-metz-vison\/","title":{"rendered":"Pamesa Metz Vison"},"content":{"rendered":"<p>9 mm debljina \u0107e zadovoljiti i najzahtevnije kupce. Online cena je samo 6219,2 RSD, dok redovna, maloprodajna cena 7774 RSD. Plo\u010dice sive boje osvje\u017eit \u0107e svaki prostor. Ove plo\u010dice dolaze od proizvo\u0111a\u010da Pamesa Ceramica, iz \u0160panije. Veli\u010dina 60&#215;60 cm je odli\u010dna za sve podloge.<\/p>\n<p>Kliknite na ime serije za sve plo\u010dice u toj seriji: <a class=\"pdfcatal\" href=\"\/\/www.ceramictiles.com\/pdf\/pamesa\/catalogue_pamesa_metz.pdf\" onclick=\"recordOutboundLink(this, 'E-mail', 'Description PDF');return false;\">Pamesa Ceramica Metz<\/a><\/p>\n<p>Da bi naru\u010dili model iz PDF kataloga ove serije, molimo vas, da nas kontaktirate na: <a href=\"mailto:zo_mi@ceramictiles.com\" onclick=\"recordOutboundLink(this, 'E-mail', 'Description mail');return false;\">zo_mi@ceramictiles.com<\/a> ili nas pozovite na: For exact offer, PLS send us quantity and product you need with delivery address..<\/p>\n","protected":false},"excerpt":{"rendered":"<p>9 mm debljina \u0107e zadovoljiti i najzahtevnije kupce. Online cena je samo 6219,2 RSD, dok redovna, maloprodajna cena 7774 RSD. Plo\u010dice sive boje osvje\u017eit \u0107e svaki prostor. Ove plo\u010dice dolaze od proizvo\u0111a\u010da Pamesa Ceramica, iz \u0160panije. Veli\u010dina 60&#215;60 cm je odli\u010dna za sve podloge. Kliknite na ime serije za sve plo\u010dice u toj seriji: Pamesa [&hellip;]<\/p>\n","protected":false},"featured_media":96276,"template":"","meta":[],"product_cat":[200,999107,999],"product_tag":[],"_links":{"self":[{"href":"https:\/\/www.keramika.com\/srbija\/wp-json\/wp\/v2\/product\/96275"}],"collection":[{"href":"https:\/\/www.keramika.com\/srbija\/wp-json\/wp\/v2\/product"}],"about":[{"href":"https:\/\/www.keramika.com\/srbija\/wp-json\/wp\/v2\/types\/product"}],"wp:featuredmedia":[{"embeddable":true,"href":"https:\/\/www.keramika.com\/srbija\/wp-json\/wp\/v2\/media\/96276"}],"wp:attachment":[{"href":"https:\/\/www.keramika.com\/srbija\/wp-json\/wp\/v2\/media?parent=96275"}],"wp:term":[{"taxonomy":"product_cat","embeddable":true,"href":"https:\/\/www.keramika.com\/srbija\/wp-json\/wp\/v2\/product_cat?post=96275"},{"taxonomy":"product_tag","embeddable":true,"href":"https:\/\/www.keramika.com\/srbija\/wp-json\/wp\/v2\/product_tag?post=96275"}],"curies":[{"name":"wp","href":"https:\/\/api.w.org\/{rel}","templated":true}]}}