{"id":96271,"date":"2017-07-02T12:41:47","date_gmt":"2017-07-02T12:41:47","guid":{"rendered":"http:\/\/www.ceramictiles.com\/srbija\/product\/pamesa-labna\/"},"modified":"2026-01-04T00:02:32","modified_gmt":"2026-01-04T00:02:32","slug":"pamesa-labna","status":"publish","type":"product","link":"https:\/\/www.keramika.com\/srbija\/pamesa-labna\/","title":{"rendered":"Pamesa Labna"},"content":{"rendered":"<p>Plo\u010dica je debela 9 mm, \u0161to je ubraja u tvrde plo\u010dice. Dimenzije ovih plo\u010dica su 60&#215;60 cm. U maloprodaji bi morali za tu plo\u010dicu platiti 7774 RSD, online cena je samo 6219,2 RSD. Plo\u010dice be\u017e boje osvje\u017eit \u0107e svaki prostor. Ove plo\u010dice dolaze od proizvo\u0111a\u010da Pamesa Ceramica, iz \u0160panije.<\/p>\n<p>Kliknite na ime serije za sve plo\u010dice u toj seriji: <a class=\"pdfcatal\" href=\"\/\/www.ceramictiles.com\/pdf\/pamesa\/catalogue_pamesa_labna_leviglass.pdf\" onclick=\"recordOutboundLink(this, 'E-mail', 'Description PDF');return false;\">Pamesa Ceramica Labna Leviglass<\/a><\/p>\n<p>Da bi naru\u010dili model iz PDF kataloga ove serije, molimo vas, da nas kontaktirate na: <a href=\"mailto:zo_mi@ceramictiles.com\" onclick=\"recordOutboundLink(this, 'E-mail', 'Description mail');return false;\">zo_mi@ceramictiles.com<\/a> ili nas pozovite na: For exact offer, PLS send us quantity and product you need with delivery address..<\/p>\n","protected":false},"excerpt":{"rendered":"<p>Plo\u010dica je debela 9 mm, \u0161to je ubraja u tvrde plo\u010dice. Dimenzije ovih plo\u010dica su 60&#215;60 cm. U maloprodaji bi morali za tu plo\u010dicu platiti 7774 RSD, online cena je samo 6219,2 RSD. Plo\u010dice be\u017e boje osvje\u017eit \u0107e svaki prostor. Ove plo\u010dice dolaze od proizvo\u0111a\u010da Pamesa Ceramica, iz \u0160panije. Kliknite na ime serije za sve [&hellip;]<\/p>\n","protected":false},"featured_media":96272,"template":"","meta":[],"product_cat":[200,999107,999],"product_tag":[],"_links":{"self":[{"href":"https:\/\/www.keramika.com\/srbija\/wp-json\/wp\/v2\/product\/96271"}],"collection":[{"href":"https:\/\/www.keramika.com\/srbija\/wp-json\/wp\/v2\/product"}],"about":[{"href":"https:\/\/www.keramika.com\/srbija\/wp-json\/wp\/v2\/types\/product"}],"wp:featuredmedia":[{"embeddable":true,"href":"https:\/\/www.keramika.com\/srbija\/wp-json\/wp\/v2\/media\/96272"}],"wp:attachment":[{"href":"https:\/\/www.keramika.com\/srbija\/wp-json\/wp\/v2\/media?parent=96271"}],"wp:term":[{"taxonomy":"product_cat","embeddable":true,"href":"https:\/\/www.keramika.com\/srbija\/wp-json\/wp\/v2\/product_cat?post=96271"},{"taxonomy":"product_tag","embeddable":true,"href":"https:\/\/www.keramika.com\/srbija\/wp-json\/wp\/v2\/product_tag?post=96271"}],"curies":[{"name":"wp","href":"https:\/\/api.w.org\/{rel}","templated":true}]}}