{"id":96269,"date":"2017-07-02T12:41:21","date_gmt":"2017-07-02T12:41:21","guid":{"rendered":"http:\/\/www.ceramictiles.com\/srbija\/product\/pamesa-ikom-tendence-blanco\/"},"modified":"2026-01-04T00:02:32","modified_gmt":"2026-01-04T00:02:32","slug":"pamesa-ikom-tendence-blanco","status":"publish","type":"product","link":"https:\/\/www.keramika.com\/srbija\/pamesa-ikom-tendence-blanco\/","title":{"rendered":"Pamesa Ikom Tendence Blanco"},"content":{"rendered":"<p>Plo\u010dica 30&#215;60 cm je dobra za ve\u0107 razli\u010ditih namena. 9 mm debljine je dovoljno za zahtevnije kupce. Umesto 7774 RSD \u0161to je redovna maloprodajna cena keramike, u na\u0161oj online prodavnici, je mo\u017eete dobiti za samo 6219,2 RSD. Ove bele kerami\u010dke plo\u010dice, obogatit \u0107e svaki prostor. Pamesa Ikom Tendence Blanco dolazi iz \u0160panije, koja je poznata po vrlo visokoj kvaliteta keramike u svetu.<\/p>\n<p>Kliknite na ime serije za sve plo\u010dice u toj seriji: <a class=\"pdfcatal\" href=\"\/\/www.ceramictiles.com\/pdf\/pamesa\/catalogue_pamesa_ikom_tendence.pdf\" onclick=\"recordOutboundLink(this, 'E-mail', 'Description PDF');return false;\">Pamesa Ceramica Ikom Tendence<\/a><\/p>\n<p>Da bi naru\u010dili model iz PDF kataloga ove serije, molimo vas, da nas kontaktirate na: <a href=\"mailto:zo_mi@ceramictiles.com\" onclick=\"recordOutboundLink(this, 'E-mail', 'Description mail');return false;\">zo_mi@ceramictiles.com<\/a> ili nas pozovite na: For exact offer, PLS send us quantity and product you need with delivery address..<\/p>\n<p>Technical description: 30,3&#215;61,3<\/p>\n","protected":false},"excerpt":{"rendered":"<p>Plo\u010dica 30&#215;60 cm je dobra za ve\u0107 razli\u010ditih namena. 9 mm debljine je dovoljno za zahtevnije kupce. Umesto 7774 RSD \u0161to je redovna maloprodajna cena keramike, u na\u0161oj online prodavnici, je mo\u017eete dobiti za samo 6219,2 RSD. Ove bele kerami\u010dke plo\u010dice, obogatit \u0107e svaki prostor. Pamesa Ikom Tendence Blanco dolazi iz \u0160panije, koja je poznata [&hellip;]<\/p>\n","protected":false},"featured_media":96270,"template":"","meta":[],"product_cat":[200,999107,999],"product_tag":[],"_links":{"self":[{"href":"https:\/\/www.keramika.com\/srbija\/wp-json\/wp\/v2\/product\/96269"}],"collection":[{"href":"https:\/\/www.keramika.com\/srbija\/wp-json\/wp\/v2\/product"}],"about":[{"href":"https:\/\/www.keramika.com\/srbija\/wp-json\/wp\/v2\/types\/product"}],"wp:featuredmedia":[{"embeddable":true,"href":"https:\/\/www.keramika.com\/srbija\/wp-json\/wp\/v2\/media\/96270"}],"wp:attachment":[{"href":"https:\/\/www.keramika.com\/srbija\/wp-json\/wp\/v2\/media?parent=96269"}],"wp:term":[{"taxonomy":"product_cat","embeddable":true,"href":"https:\/\/www.keramika.com\/srbija\/wp-json\/wp\/v2\/product_cat?post=96269"},{"taxonomy":"product_tag","embeddable":true,"href":"https:\/\/www.keramika.com\/srbija\/wp-json\/wp\/v2\/product_tag?post=96269"}],"curies":[{"name":"wp","href":"https:\/\/api.w.org\/{rel}","templated":true}]}}