{"id":96265,"date":"2017-07-02T12:40:45","date_gmt":"2017-07-02T12:40:45","guid":{"rendered":"http:\/\/www.ceramictiles.com\/srbija\/product\/pamesa-brabant-negro\/"},"modified":"2026-01-04T00:02:31","modified_gmt":"2026-01-04T00:02:31","slug":"pamesa-brabant-negro","status":"publish","type":"product","link":"https:\/\/www.keramika.com\/srbija\/pamesa-brabant-negro\/","title":{"rendered":"Pamesa Brabant Negro"},"content":{"rendered":"<p>plo\u010dica proizvo\u0111a\u010da Pamesa Ceramica iz \u0160panije. Debljina 9 mm \u010dini plo\u010dicu vrlo izdr\u017eljivom i prijatnom na dodir. Zbog ni\u017eih tro\u0161kova, online prodaje, Vi \u0107e te na na\u0161oj strani ove plo\u010de platiti samo 6219,2 RSD. Dimenzije ovih plo\u010dica su 60&#215;60 cm. Izuzetno moderne plo\u010dice crne boje, osve\u017eit \u0107e svaki prostor.<\/p>\n<p>Kliknite na ime serije za sve plo\u010dice u toj seriji: <a class=\"pdfcatal\" href=\"\/\/www.ceramictiles.com\/pdf\/pamesa\/catalogue_pamesa_brabant.pdf\" onclick=\"recordOutboundLink(this, 'E-mail', 'Description PDF');return false;\">Pamesa Ceramica Brabant<\/a><\/p>\n<p>Da bi naru\u010dili model iz PDF kataloga ove serije, molimo vas, da nas kontaktirate na: <a href=\"mailto:zo_mi@ceramictiles.com\" onclick=\"recordOutboundLink(this, 'E-mail', 'Description mail');return false;\">zo_mi@ceramictiles.com<\/a> ili nas pozovite na: For exact offer, PLS send us quantity and product you need with delivery address..<\/p>\n","protected":false},"excerpt":{"rendered":"<p>plo\u010dica proizvo\u0111a\u010da Pamesa Ceramica iz \u0160panije. Debljina 9 mm \u010dini plo\u010dicu vrlo izdr\u017eljivom i prijatnom na dodir. Zbog ni\u017eih tro\u0161kova, online prodaje, Vi \u0107e te na na\u0161oj strani ove plo\u010de platiti samo 6219,2 RSD. Dimenzije ovih plo\u010dica su 60&#215;60 cm. Izuzetno moderne plo\u010dice crne boje, osve\u017eit \u0107e svaki prostor. Kliknite na ime serije za sve [&hellip;]<\/p>\n","protected":false},"featured_media":96266,"template":"","meta":[],"product_cat":[200,999107,999],"product_tag":[],"_links":{"self":[{"href":"https:\/\/www.keramika.com\/srbija\/wp-json\/wp\/v2\/product\/96265"}],"collection":[{"href":"https:\/\/www.keramika.com\/srbija\/wp-json\/wp\/v2\/product"}],"about":[{"href":"https:\/\/www.keramika.com\/srbija\/wp-json\/wp\/v2\/types\/product"}],"wp:featuredmedia":[{"embeddable":true,"href":"https:\/\/www.keramika.com\/srbija\/wp-json\/wp\/v2\/media\/96266"}],"wp:attachment":[{"href":"https:\/\/www.keramika.com\/srbija\/wp-json\/wp\/v2\/media?parent=96265"}],"wp:term":[{"taxonomy":"product_cat","embeddable":true,"href":"https:\/\/www.keramika.com\/srbija\/wp-json\/wp\/v2\/product_cat?post=96265"},{"taxonomy":"product_tag","embeddable":true,"href":"https:\/\/www.keramika.com\/srbija\/wp-json\/wp\/v2\/product_tag?post=96265"}],"curies":[{"name":"wp","href":"https:\/\/api.w.org\/{rel}","templated":true}]}}