{"id":96251,"date":"2017-07-02T12:38:33","date_gmt":"2017-07-02T12:38:33","guid":{"rendered":"http:\/\/www.ceramictiles.com\/srbija\/product\/pamesa-olimpo-2\/"},"modified":"2026-01-04T00:02:29","modified_gmt":"2026-01-04T00:02:29","slug":"pamesa-olimpo-2","status":"publish","type":"product","link":"https:\/\/www.keramika.com\/srbija\/pamesa-olimpo-2\/","title":{"rendered":"Pamesa Olimpo"},"content":{"rendered":"<p>Izuzetno moderne plo\u010dice bele boje, osve\u017eit \u0107e svaki prostor. Pamesa Olimpo je proizvod iz \u0160panije te je izuzetno kvalitetna. Debljina plo\u010dice, je vrlo va\u017ena 9 mm i ubraja tu plo\u010dicu me\u0111u najkvalitetnije. Veli\u010dina ove plo\u010dice je 79,1&#215;79,1 cm. 8803,25 RSD je redovna prodajna cena keramike, tu pa samo 7042,6 RSD.<\/p>\n<p>Kliknite na ime serije za sve plo\u010dice u toj seriji: <a class=\"pdfcatal\" href=\"\/\/www.ceramictiles.com\/pdf\/pamesa\/catalogue_pamesa_olimpo.pdf\" onclick=\"recordOutboundLink(this, 'E-mail', 'Description PDF');return false;\">Pamesa Ceramica Olimpo<\/a><\/p>\n<p>Da bi naru\u010dili model iz PDF kataloga ove serije, molimo vas, da nas kontaktirate na: <a href=\"mailto:zo_mi@ceramictiles.com\" onclick=\"recordOutboundLink(this, 'E-mail', 'Description mail');return false;\">zo_mi@ceramictiles.com<\/a> ili nas pozovite na: For exact offer, PLS send us quantity and product you need with delivery address..<\/p>\n<p>Technical description: 75&#215;75<\/p>\n","protected":false},"excerpt":{"rendered":"<p>Izuzetno moderne plo\u010dice bele boje, osve\u017eit \u0107e svaki prostor. Pamesa Olimpo je proizvod iz \u0160panije te je izuzetno kvalitetna. Debljina plo\u010dice, je vrlo va\u017ena 9 mm i ubraja tu plo\u010dicu me\u0111u najkvalitetnije. Veli\u010dina ove plo\u010dice je 79,1&#215;79,1 cm. 8803,25 RSD je redovna prodajna cena keramike, tu pa samo 7042,6 RSD. Kliknite na ime serije za [&hellip;]<\/p>\n","protected":false},"featured_media":96252,"template":"","meta":[],"product_cat":[200,999107,999],"product_tag":[],"_links":{"self":[{"href":"https:\/\/www.keramika.com\/srbija\/wp-json\/wp\/v2\/product\/96251"}],"collection":[{"href":"https:\/\/www.keramika.com\/srbija\/wp-json\/wp\/v2\/product"}],"about":[{"href":"https:\/\/www.keramika.com\/srbija\/wp-json\/wp\/v2\/types\/product"}],"wp:featuredmedia":[{"embeddable":true,"href":"https:\/\/www.keramika.com\/srbija\/wp-json\/wp\/v2\/media\/96252"}],"wp:attachment":[{"href":"https:\/\/www.keramika.com\/srbija\/wp-json\/wp\/v2\/media?parent=96251"}],"wp:term":[{"taxonomy":"product_cat","embeddable":true,"href":"https:\/\/www.keramika.com\/srbija\/wp-json\/wp\/v2\/product_cat?post=96251"},{"taxonomy":"product_tag","embeddable":true,"href":"https:\/\/www.keramika.com\/srbija\/wp-json\/wp\/v2\/product_tag?post=96251"}],"curies":[{"name":"wp","href":"https:\/\/api.w.org\/{rel}","templated":true}]}}