{"id":96243,"date":"2017-07-02T12:37:22","date_gmt":"2017-07-02T12:37:22","guid":{"rendered":"http:\/\/www.ceramictiles.com\/srbija\/product\/pamesa-gea-gris\/"},"modified":"2026-01-04T00:02:28","modified_gmt":"2026-01-04T00:02:28","slug":"pamesa-gea-gris","status":"publish","type":"product","link":"https:\/\/www.keramika.com\/srbija\/pamesa-gea-gris\/","title":{"rendered":"Pamesa Gea Gris"},"content":{"rendered":"<p>Ta kolekcija, model plo\u010dice, se prodaje najvi\u0161e sive boje. U maloprodaji bi morali za tu plo\u010dicu platiti 8803,25 RSD, online cena je samo 7042,6 RSD. plo\u010dica proizvo\u0111a\u010da Pamesa Ceramica iz \u0160panije. Veli\u010dina ove plo\u010dice je 79,1&#215;79,1 cm. Plo\u010dica je debela 9 mm, \u0161to je ubraja u tvrde plo\u010dice.<\/p>\n<p>Kliknite na ime serije za sve plo\u010dice u toj seriji: <a class=\"pdfcatal\" href=\"\/\/www.ceramictiles.com\/pdf\/pamesa\/catalogue_pamesa_gea.pdf\" onclick=\"recordOutboundLink(this, 'E-mail', 'Description PDF');return false;\">Pamesa Ceramica Gea<\/a><\/p>\n<p>Da bi naru\u010dili model iz PDF kataloga ove serije, molimo vas, da nas kontaktirate na: <a href=\"mailto:zo_mi@ceramictiles.com\" onclick=\"recordOutboundLink(this, 'E-mail', 'Description mail');return false;\">zo_mi@ceramictiles.com<\/a> ili nas pozovite na: For exact offer, PLS send us quantity and product you need with delivery address..<\/p>\n<p>Technical description: 75&#215;75<\/p>\n","protected":false},"excerpt":{"rendered":"<p>Ta kolekcija, model plo\u010dice, se prodaje najvi\u0161e sive boje. U maloprodaji bi morali za tu plo\u010dicu platiti 8803,25 RSD, online cena je samo 7042,6 RSD. plo\u010dica proizvo\u0111a\u010da Pamesa Ceramica iz \u0160panije. Veli\u010dina ove plo\u010dice je 79,1&#215;79,1 cm. Plo\u010dica je debela 9 mm, \u0161to je ubraja u tvrde plo\u010dice. Kliknite na ime serije za sve plo\u010dice [&hellip;]<\/p>\n","protected":false},"featured_media":96244,"template":"","meta":[],"product_cat":[200,999107,999],"product_tag":[],"_links":{"self":[{"href":"https:\/\/www.keramika.com\/srbija\/wp-json\/wp\/v2\/product\/96243"}],"collection":[{"href":"https:\/\/www.keramika.com\/srbija\/wp-json\/wp\/v2\/product"}],"about":[{"href":"https:\/\/www.keramika.com\/srbija\/wp-json\/wp\/v2\/types\/product"}],"wp:featuredmedia":[{"embeddable":true,"href":"https:\/\/www.keramika.com\/srbija\/wp-json\/wp\/v2\/media\/96244"}],"wp:attachment":[{"href":"https:\/\/www.keramika.com\/srbija\/wp-json\/wp\/v2\/media?parent=96243"}],"wp:term":[{"taxonomy":"product_cat","embeddable":true,"href":"https:\/\/www.keramika.com\/srbija\/wp-json\/wp\/v2\/product_cat?post=96243"},{"taxonomy":"product_tag","embeddable":true,"href":"https:\/\/www.keramika.com\/srbija\/wp-json\/wp\/v2\/product_tag?post=96243"}],"curies":[{"name":"wp","href":"https:\/\/api.w.org\/{rel}","templated":true}]}}