{"id":96229,"date":"2017-07-02T12:35:03","date_gmt":"2017-07-02T12:35:03","guid":{"rendered":"http:\/\/www.ceramictiles.com\/srbija\/product\/pamesa-enea-natura\/"},"modified":"2026-01-04T00:02:26","modified_gmt":"2026-01-04T00:02:26","slug":"pamesa-enea-natura","status":"publish","type":"product","link":"https:\/\/www.keramika.com\/srbija\/pamesa-enea-natura\/","title":{"rendered":"Pamesa Enea Natura"},"content":{"rendered":"<p>Ove be\u017e kerami\u010dke plo\u010dice, obogatit \u0107e svaki prostor. Redovna cena, ovih plo\u010dica u maloprodaji je 11891 RSD. U na\u0161oj online trgovini, je mo\u017eete kupiti za 9512,8 RSD. Ova plo\u010dica je debela 9 mm i zato je izuzetno izdr\u017eljiva. Proizvodnja \u0160panije ,koja je poznata u svetu, kao jedana od najboljih proizvo\u0111a\u010da kerami\u010dkih plo\u010dica. Dimenzije ovih plo\u010dica su 79,1&#215;79,1 cm.<\/p>\n<p>Kliknite na ime serije za sve plo\u010dice u toj seriji: <a class=\"pdfcatal\" href=\"\/\/www.ceramictiles.com\/pdf\/pamesa\/catalogue_pamesa_enea_luxglass.pdf\" onclick=\"recordOutboundLink(this, 'E-mail', 'Description PDF');return false;\">Pamesa Ceramica Enea Luxglass<\/a><\/p>\n<p>Da bi naru\u010dili model iz PDF kataloga ove serije, molimo vas, da nas kontaktirate na: <a href=\"mailto:zo_mi@ceramictiles.com\" onclick=\"recordOutboundLink(this, 'E-mail', 'Description mail');return false;\">zo_mi@ceramictiles.com<\/a> ili nas pozovite na: For exact offer, PLS send us quantity and product you need with delivery address..<\/p>\n<p>Technical description: 75&#215;75<\/p>\n","protected":false},"excerpt":{"rendered":"<p>Ove be\u017e kerami\u010dke plo\u010dice, obogatit \u0107e svaki prostor. Redovna cena, ovih plo\u010dica u maloprodaji je 11891 RSD. U na\u0161oj online trgovini, je mo\u017eete kupiti za 9512,8 RSD. Ova plo\u010dica je debela 9 mm i zato je izuzetno izdr\u017eljiva. Proizvodnja \u0160panije ,koja je poznata u svetu, kao jedana od najboljih proizvo\u0111a\u010da kerami\u010dkih plo\u010dica. Dimenzije ovih plo\u010dica [&hellip;]<\/p>\n","protected":false},"featured_media":96230,"template":"","meta":[],"product_cat":[200,999107,999],"product_tag":[],"_links":{"self":[{"href":"https:\/\/www.keramika.com\/srbija\/wp-json\/wp\/v2\/product\/96229"}],"collection":[{"href":"https:\/\/www.keramika.com\/srbija\/wp-json\/wp\/v2\/product"}],"about":[{"href":"https:\/\/www.keramika.com\/srbija\/wp-json\/wp\/v2\/types\/product"}],"wp:featuredmedia":[{"embeddable":true,"href":"https:\/\/www.keramika.com\/srbija\/wp-json\/wp\/v2\/media\/96230"}],"wp:attachment":[{"href":"https:\/\/www.keramika.com\/srbija\/wp-json\/wp\/v2\/media?parent=96229"}],"wp:term":[{"taxonomy":"product_cat","embeddable":true,"href":"https:\/\/www.keramika.com\/srbija\/wp-json\/wp\/v2\/product_cat?post=96229"},{"taxonomy":"product_tag","embeddable":true,"href":"https:\/\/www.keramika.com\/srbija\/wp-json\/wp\/v2\/product_tag?post=96229"}],"curies":[{"name":"wp","href":"https:\/\/api.w.org\/{rel}","templated":true}]}}