{"id":96225,"date":"2017-07-02T12:34:21","date_gmt":"2017-07-02T12:34:21","guid":{"rendered":"http:\/\/www.ceramictiles.com\/srbija\/product\/pamesa-atlas-arena\/"},"modified":"2026-01-04T00:02:26","modified_gmt":"2026-01-04T00:02:26","slug":"pamesa-atlas-arena","status":"publish","type":"product","link":"https:\/\/www.keramika.com\/srbija\/pamesa-atlas-arena\/","title":{"rendered":"Pamesa Atlas Arena"},"content":{"rendered":"<p>Pamesa Atlas Arena je proizvod iz \u0160panije te je izuzetno kvalitetna. Plo\u010dice be\u017e boje osvje\u017eit \u0107e svaki prostor. 9 mm debljina \u0107e zadovoljiti i najzahtevnije kupce. Online cena je samo 9512,8 RSD, dok redovna, maloprodajna cena 11891 RSD. Veli\u010dina plo\u010dice je 79,1&#215;79,1 cm i odli\u010dna je za razli\u010dite povr\u0161ine.<\/p>\n<p>Kliknite na ime serije za sve plo\u010dice u toj seriji: <a class=\"pdfcatal\" href=\"\/\/www.ceramictiles.com\/pdf\/pamesa\/catalogue_pamesa_atlas_luxglass.pdf\" onclick=\"recordOutboundLink(this, 'E-mail', 'Description PDF');return false;\">Pamesa Ceramica Atlas Luxglass<\/a><\/p>\n<p>Da bi naru\u010dili model iz PDF kataloga ove serije, molimo vas, da nas kontaktirate na: <a href=\"mailto:zo_mi@ceramictiles.com\" onclick=\"recordOutboundLink(this, 'E-mail', 'Description mail');return false;\">zo_mi@ceramictiles.com<\/a> ili nas pozovite na: For exact offer, PLS send us quantity and product you need with delivery address..<\/p>\n<p>Technical description: 75&#215;75<\/p>\n","protected":false},"excerpt":{"rendered":"<p>Pamesa Atlas Arena je proizvod iz \u0160panije te je izuzetno kvalitetna. Plo\u010dice be\u017e boje osvje\u017eit \u0107e svaki prostor. 9 mm debljina \u0107e zadovoljiti i najzahtevnije kupce. Online cena je samo 9512,8 RSD, dok redovna, maloprodajna cena 11891 RSD. Veli\u010dina plo\u010dice je 79,1&#215;79,1 cm i odli\u010dna je za razli\u010dite povr\u0161ine. Kliknite na ime serije za sve [&hellip;]<\/p>\n","protected":false},"featured_media":96226,"template":"","meta":[],"product_cat":[200,999107,999],"product_tag":[],"_links":{"self":[{"href":"https:\/\/www.keramika.com\/srbija\/wp-json\/wp\/v2\/product\/96225"}],"collection":[{"href":"https:\/\/www.keramika.com\/srbija\/wp-json\/wp\/v2\/product"}],"about":[{"href":"https:\/\/www.keramika.com\/srbija\/wp-json\/wp\/v2\/types\/product"}],"wp:featuredmedia":[{"embeddable":true,"href":"https:\/\/www.keramika.com\/srbija\/wp-json\/wp\/v2\/media\/96226"}],"wp:attachment":[{"href":"https:\/\/www.keramika.com\/srbija\/wp-json\/wp\/v2\/media?parent=96225"}],"wp:term":[{"taxonomy":"product_cat","embeddable":true,"href":"https:\/\/www.keramika.com\/srbija\/wp-json\/wp\/v2\/product_cat?post=96225"},{"taxonomy":"product_tag","embeddable":true,"href":"https:\/\/www.keramika.com\/srbija\/wp-json\/wp\/v2\/product_tag?post=96225"}],"curies":[{"name":"wp","href":"https:\/\/api.w.org\/{rel}","templated":true}]}}