{"id":96203,"date":"2017-07-02T12:30:40","date_gmt":"2017-07-02T12:30:40","guid":{"rendered":"http:\/\/www.ceramictiles.com\/srbija\/product\/monopole-tutti-frutti-white\/"},"modified":"2026-01-04T00:02:22","modified_gmt":"2026-01-04T00:02:22","slug":"monopole-tutti-frutti-white","status":"publish","type":"product","link":"https:\/\/www.keramika.com\/srbija\/monopole-tutti-frutti-white\/","title":{"rendered":"Monopole Tutti Frutti White"},"content":{"rendered":"<p>Dimenzije ovih plo\u010dica su 10&#215;30 cm. Plo\u010dica je debela 8,5 mm, \u0161to je ubraja u tvrde plo\u010dice. Plo\u010dice bele boje, su letos izuzetno tre\u017eene. Ove plo\u010dice dolaze od proizvo\u0111a\u010da Monopole, iz \u0160panije. Monopole Blanco Brillo Bisel je dostupna po vrlo povoljnim cenama 2580,6 RSD.<\/p>\n<p>Kliknite na ime serije za sve plo\u010dice u toj seriji: <a class=\"pdfcatal\" href=\"\/\/www.ceramictiles.com\/pdf\/monopole\/catalogue_monopole_tutti_frutti.pdf\" onclick=\"recordOutboundLink(this, 'E-mail', 'Description PDF');return false;\">Monopole Tutti Frutti<\/a><\/p>\n<p>Da bi naru\u010dili model iz PDF kataloga ove serije, molimo vas, da nas kontaktirate na: <a href=\"mailto:zo_mi@ceramictiles.com\" onclick=\"recordOutboundLink(this, 'E-mail', 'Description mail');return false;\">zo_mi@ceramictiles.com<\/a> ili nas pozovite na: For exact offer, PLS send us quantity and product you need with delivery address..<\/p>\n","protected":false},"excerpt":{"rendered":"<p>Dimenzije ovih plo\u010dica su 10&#215;30 cm. Plo\u010dica je debela 8,5 mm, \u0161to je ubraja u tvrde plo\u010dice. Plo\u010dice bele boje, su letos izuzetno tre\u017eene. Ove plo\u010dice dolaze od proizvo\u0111a\u010da Monopole, iz \u0160panije. Monopole Blanco Brillo Bisel je dostupna po vrlo povoljnim cenama 2580,6 RSD. Kliknite na ime serije za sve plo\u010dice u toj seriji: Monopole [&hellip;]<\/p>\n","protected":false},"featured_media":96204,"template":"","meta":[],"product_cat":[200,220,99921434,999],"product_tag":[],"_links":{"self":[{"href":"https:\/\/www.keramika.com\/srbija\/wp-json\/wp\/v2\/product\/96203"}],"collection":[{"href":"https:\/\/www.keramika.com\/srbija\/wp-json\/wp\/v2\/product"}],"about":[{"href":"https:\/\/www.keramika.com\/srbija\/wp-json\/wp\/v2\/types\/product"}],"wp:featuredmedia":[{"embeddable":true,"href":"https:\/\/www.keramika.com\/srbija\/wp-json\/wp\/v2\/media\/96204"}],"wp:attachment":[{"href":"https:\/\/www.keramika.com\/srbija\/wp-json\/wp\/v2\/media?parent=96203"}],"wp:term":[{"taxonomy":"product_cat","embeddable":true,"href":"https:\/\/www.keramika.com\/srbija\/wp-json\/wp\/v2\/product_cat?post=96203"},{"taxonomy":"product_tag","embeddable":true,"href":"https:\/\/www.keramika.com\/srbija\/wp-json\/wp\/v2\/product_tag?post=96203"}],"curies":[{"name":"wp","href":"https:\/\/api.w.org\/{rel}","templated":true}]}}