{"id":96199,"date":"2017-07-02T12:30:00","date_gmt":"2017-07-02T12:30:00","guid":{"rendered":"http:\/\/www.ceramictiles.com\/srbija\/product\/monopole-sweet-beige\/"},"modified":"2026-01-04T00:02:21","modified_gmt":"2026-01-04T00:02:21","slug":"monopole-sweet-beige","status":"publish","type":"product","link":"https:\/\/www.keramika.com\/srbija\/monopole-sweet-beige\/","title":{"rendered":"Monopole Sweet Beige"},"content":{"rendered":"<p>Ove be\u017e kerami\u010dke plo\u010dice, obogatit \u0107e svaki prostor. 8,5 mm debljina \u0107e zadovoljiti i najzahtevnije kupce. Veli\u010dina ove plo\u010dice je 10&#215;40 cm. Zbog ni\u017eih tro\u0161kova, online prodaje, Vi \u0107e te na na\u0161oj strani ove plo\u010de platiti samo 2884,2 RSD. Monopole Crema Mate Liso dolazi iz \u0160panije, koja je poznata po vrlo visokoj kvaliteta keramike u svetu.<\/p>\n<p>Kliknite na ime serije za sve plo\u010dice u toj seriji: <a class=\"pdfcatal\" href=\"\/\/www.ceramictiles.com\/pdf\/monopole\/catalogue_monopole_sweet.pdf\" onclick=\"recordOutboundLink(this, 'E-mail', 'Description PDF');return false;\">Monopole Sweet<\/a><\/p>\n<p>Da bi naru\u010dili model iz PDF kataloga ove serije, molimo vas, da nas kontaktirate na: <a href=\"mailto:zo_mi@ceramictiles.com\" onclick=\"recordOutboundLink(this, 'E-mail', 'Description mail');return false;\">zo_mi@ceramictiles.com<\/a> ili nas pozovite na: For exact offer, PLS send us quantity and product you need with delivery address..<\/p>\n","protected":false},"excerpt":{"rendered":"<p>Ove be\u017e kerami\u010dke plo\u010dice, obogatit \u0107e svaki prostor. 8,5 mm debljina \u0107e zadovoljiti i najzahtevnije kupce. Veli\u010dina ove plo\u010dice je 10&#215;40 cm. Zbog ni\u017eih tro\u0161kova, online prodaje, Vi \u0107e te na na\u0161oj strani ove plo\u010de platiti samo 2884,2 RSD. Monopole Crema Mate Liso dolazi iz \u0160panije, koja je poznata po vrlo visokoj kvaliteta keramike u [&hellip;]<\/p>\n","protected":false},"featured_media":96200,"template":"","meta":[],"product_cat":[200,220,99921434,999],"product_tag":[],"_links":{"self":[{"href":"https:\/\/www.keramika.com\/srbija\/wp-json\/wp\/v2\/product\/96199"}],"collection":[{"href":"https:\/\/www.keramika.com\/srbija\/wp-json\/wp\/v2\/product"}],"about":[{"href":"https:\/\/www.keramika.com\/srbija\/wp-json\/wp\/v2\/types\/product"}],"wp:featuredmedia":[{"embeddable":true,"href":"https:\/\/www.keramika.com\/srbija\/wp-json\/wp\/v2\/media\/96200"}],"wp:attachment":[{"href":"https:\/\/www.keramika.com\/srbija\/wp-json\/wp\/v2\/media?parent=96199"}],"wp:term":[{"taxonomy":"product_cat","embeddable":true,"href":"https:\/\/www.keramika.com\/srbija\/wp-json\/wp\/v2\/product_cat?post=96199"},{"taxonomy":"product_tag","embeddable":true,"href":"https:\/\/www.keramika.com\/srbija\/wp-json\/wp\/v2\/product_tag?post=96199"}],"curies":[{"name":"wp","href":"https:\/\/api.w.org\/{rel}","templated":true}]}}