{"id":96191,"date":"2017-07-02T12:28:48","date_gmt":"2017-07-02T12:28:48","guid":{"rendered":"http:\/\/www.ceramictiles.com\/srbija\/product\/monopole-reina-white\/"},"modified":"2026-01-04T00:02:20","modified_gmt":"2026-01-04T00:02:20","slug":"monopole-reina-white","status":"publish","type":"product","link":"https:\/\/www.keramika.com\/srbija\/monopole-reina-white\/","title":{"rendered":"Monopole Reina White"},"content":{"rendered":"<p>8,5 mm debljina \u0107e zadovoljiti i najzahtevnije kupce. Ove plo\u010dice dolaze od proizvo\u0111a\u010da Monopole, iz \u0160panije. Ta kolekcija, model plo\u010dice, se prodaje najvi\u0161e bele boje. Plo\u010dica 10&#215;20 cm je dobra za ve\u0107 razli\u010ditih namena. Umesto 3225,75 RSD \u0161to je redovna maloprodajna cena keramike, u na\u0161oj online prodavnici, je mo\u017eete dobiti za samo 2580,6 RSD.<\/p>\n<p>Kliknite na ime serije za sve plo\u010dice u toj seriji: <a class=\"pdfcatal\" href=\"\/\/www.ceramictiles.com\/pdf\/monopole\/catalogue_monopole_reina.pdf\" onclick=\"recordOutboundLink(this, 'E-mail', 'Description PDF');return false;\">Monopole Reina<\/a><\/p>\n<p>Da bi naru\u010dili model iz PDF kataloga ove serije, molimo vas, da nas kontaktirate na: <a href=\"mailto:zo_mi@ceramictiles.com\" onclick=\"recordOutboundLink(this, 'E-mail', 'Description mail');return false;\">zo_mi@ceramictiles.com<\/a> ili nas pozovite na: For exact offer, PLS send us quantity and product you need with delivery address..<\/p>\n","protected":false},"excerpt":{"rendered":"<p>8,5 mm debljina \u0107e zadovoljiti i najzahtevnije kupce. Ove plo\u010dice dolaze od proizvo\u0111a\u010da Monopole, iz \u0160panije. Ta kolekcija, model plo\u010dice, se prodaje najvi\u0161e bele boje. Plo\u010dica 10&#215;20 cm je dobra za ve\u0107 razli\u010ditih namena. Umesto 3225,75 RSD \u0161to je redovna maloprodajna cena keramike, u na\u0161oj online prodavnici, je mo\u017eete dobiti za samo 2580,6 RSD. Kliknite [&hellip;]<\/p>\n","protected":false},"featured_media":96192,"template":"","meta":[],"product_cat":[200,220,99921434,999],"product_tag":[],"_links":{"self":[{"href":"https:\/\/www.keramika.com\/srbija\/wp-json\/wp\/v2\/product\/96191"}],"collection":[{"href":"https:\/\/www.keramika.com\/srbija\/wp-json\/wp\/v2\/product"}],"about":[{"href":"https:\/\/www.keramika.com\/srbija\/wp-json\/wp\/v2\/types\/product"}],"wp:featuredmedia":[{"embeddable":true,"href":"https:\/\/www.keramika.com\/srbija\/wp-json\/wp\/v2\/media\/96192"}],"wp:attachment":[{"href":"https:\/\/www.keramika.com\/srbija\/wp-json\/wp\/v2\/media?parent=96191"}],"wp:term":[{"taxonomy":"product_cat","embeddable":true,"href":"https:\/\/www.keramika.com\/srbija\/wp-json\/wp\/v2\/product_cat?post=96191"},{"taxonomy":"product_tag","embeddable":true,"href":"https:\/\/www.keramika.com\/srbija\/wp-json\/wp\/v2\/product_tag?post=96191"}],"curies":[{"name":"wp","href":"https:\/\/api.w.org\/{rel}","templated":true}]}}