{"id":96189,"date":"2017-07-02T12:28:31","date_gmt":"2017-07-02T12:28:31","guid":{"rendered":"http:\/\/www.ceramictiles.com\/srbija\/product\/monopole-pretty-white\/"},"modified":"2026-01-04T00:02:20","modified_gmt":"2026-01-04T00:02:20","slug":"monopole-pretty-white","status":"publish","type":"product","link":"https:\/\/www.keramika.com\/srbija\/monopole-pretty-white\/","title":{"rendered":"Monopole Pretty White"},"content":{"rendered":"<p>Online cena je samo 2884,2 RSD, dok redovna, maloprodajna cena 3605,25 RSD. Plo\u010dica na sliki je 10&#215;30 cm. Monopole Laguna Blanco Brillo Bisel dolazi iz \u0160panije, koja je poznata po vrlo visokoj kvaliteta keramike u svetu. Izuzetno moderne plo\u010dice bele boje, osve\u017eit \u0107e svaki prostor. Debljina plo\u010dice, je vrlo va\u017ena 8 mm i ubraja tu plo\u010dicu me\u0111u najkvalitetnije.<\/p>\n<p>Kliknite na ime serije za sve plo\u010dice u toj seriji: <a class=\"pdfcatal\" href=\"\/\/www.ceramictiles.com\/pdf\/monopole\/catalogue_monopole_pretty.pdf\" onclick=\"recordOutboundLink(this, 'E-mail', 'Description PDF');return false;\">Monopole Pretty<\/a><\/p>\n<p>Da bi naru\u010dili model iz PDF kataloga ove serije, molimo vas, da nas kontaktirate na: <a href=\"mailto:zo_mi@ceramictiles.com\" onclick=\"recordOutboundLink(this, 'E-mail', 'Description mail');return false;\">zo_mi@ceramictiles.com<\/a> ili nas pozovite na: For exact offer, PLS send us quantity and product you need with delivery address..<\/p>\n","protected":false},"excerpt":{"rendered":"<p>Online cena je samo 2884,2 RSD, dok redovna, maloprodajna cena 3605,25 RSD. Plo\u010dica na sliki je 10&#215;30 cm. Monopole Laguna Blanco Brillo Bisel dolazi iz \u0160panije, koja je poznata po vrlo visokoj kvaliteta keramike u svetu. Izuzetno moderne plo\u010dice bele boje, osve\u017eit \u0107e svaki prostor. Debljina plo\u010dice, je vrlo va\u017ena 8 mm i ubraja tu [&hellip;]<\/p>\n","protected":false},"featured_media":96190,"template":"","meta":[],"product_cat":[200,220,99921434,999],"product_tag":[],"_links":{"self":[{"href":"https:\/\/www.keramika.com\/srbija\/wp-json\/wp\/v2\/product\/96189"}],"collection":[{"href":"https:\/\/www.keramika.com\/srbija\/wp-json\/wp\/v2\/product"}],"about":[{"href":"https:\/\/www.keramika.com\/srbija\/wp-json\/wp\/v2\/types\/product"}],"wp:featuredmedia":[{"embeddable":true,"href":"https:\/\/www.keramika.com\/srbija\/wp-json\/wp\/v2\/media\/96190"}],"wp:attachment":[{"href":"https:\/\/www.keramika.com\/srbija\/wp-json\/wp\/v2\/media?parent=96189"}],"wp:term":[{"taxonomy":"product_cat","embeddable":true,"href":"https:\/\/www.keramika.com\/srbija\/wp-json\/wp\/v2\/product_cat?post=96189"},{"taxonomy":"product_tag","embeddable":true,"href":"https:\/\/www.keramika.com\/srbija\/wp-json\/wp\/v2\/product_tag?post=96189"}],"curies":[{"name":"wp","href":"https:\/\/api.w.org\/{rel}","templated":true}]}}