{"id":96185,"date":"2017-07-02T12:27:57","date_gmt":"2017-07-02T12:27:57","guid":{"rendered":"http:\/\/www.ceramictiles.com\/srbija\/product\/monopole-petra-beige\/"},"modified":"2026-01-04T00:02:19","modified_gmt":"2026-01-04T00:02:19","slug":"monopole-petra-beige","status":"publish","type":"product","link":"https:\/\/www.keramika.com\/srbija\/monopole-petra-beige\/","title":{"rendered":"Monopole Petra Beige"},"content":{"rendered":"<p>Proizvodnja \u0160panije ,koja je poznata u svetu, kao jedana od najboljih proizvo\u0111a\u010da kerami\u010dkih plo\u010dica. Veli\u010dina plo\u010dice je 10&#215;30 cm i odli\u010dna je za razli\u010dite povr\u0161ine. Online cena je samo 2884,2 RSD, dok redovna, maloprodajna cena 3605,25 RSD. U izboru plo\u010dica be\u017e boje, ne mo\u017eete pogre\u0161iti. Plo\u010dica je debela 8 mm, \u0161to je ubraja u tvrde plo\u010dice.<\/p>\n<p>Kliknite na ime serije za sve plo\u010dice u toj seriji: <a class=\"pdfcatal\" href=\"\/\/www.ceramictiles.com\/pdf\/monopole\/catalogue_monopole_petra.pdf\" onclick=\"recordOutboundLink(this, 'E-mail', 'Description PDF');return false;\">Monopole Petra<\/a><\/p>\n<p>Da bi naru\u010dili model iz PDF kataloga ove serije, molimo vas, da nas kontaktirate na: <a href=\"mailto:zo_mi@ceramictiles.com\" onclick=\"recordOutboundLink(this, 'E-mail', 'Description mail');return false;\">zo_mi@ceramictiles.com<\/a> ili nas pozovite na: For exact offer, PLS send us quantity and product you need with delivery address..<\/p>\n","protected":false},"excerpt":{"rendered":"<p>Proizvodnja \u0160panije ,koja je poznata u svetu, kao jedana od najboljih proizvo\u0111a\u010da kerami\u010dkih plo\u010dica. Veli\u010dina plo\u010dice je 10&#215;30 cm i odli\u010dna je za razli\u010dite povr\u0161ine. Online cena je samo 2884,2 RSD, dok redovna, maloprodajna cena 3605,25 RSD. U izboru plo\u010dica be\u017e boje, ne mo\u017eete pogre\u0161iti. Plo\u010dica je debela 8 mm, \u0161to je ubraja u tvrde [&hellip;]<\/p>\n","protected":false},"featured_media":96186,"template":"","meta":[],"product_cat":[200,220,99921434,999],"product_tag":[],"_links":{"self":[{"href":"https:\/\/www.keramika.com\/srbija\/wp-json\/wp\/v2\/product\/96185"}],"collection":[{"href":"https:\/\/www.keramika.com\/srbija\/wp-json\/wp\/v2\/product"}],"about":[{"href":"https:\/\/www.keramika.com\/srbija\/wp-json\/wp\/v2\/types\/product"}],"wp:featuredmedia":[{"embeddable":true,"href":"https:\/\/www.keramika.com\/srbija\/wp-json\/wp\/v2\/media\/96186"}],"wp:attachment":[{"href":"https:\/\/www.keramika.com\/srbija\/wp-json\/wp\/v2\/media?parent=96185"}],"wp:term":[{"taxonomy":"product_cat","embeddable":true,"href":"https:\/\/www.keramika.com\/srbija\/wp-json\/wp\/v2\/product_cat?post=96185"},{"taxonomy":"product_tag","embeddable":true,"href":"https:\/\/www.keramika.com\/srbija\/wp-json\/wp\/v2\/product_tag?post=96185"}],"curies":[{"name":"wp","href":"https:\/\/api.w.org\/{rel}","templated":true}]}}