{"id":96165,"date":"2017-07-02T12:25:00","date_gmt":"2017-07-02T12:25:00","guid":{"rendered":"http:\/\/www.ceramictiles.com\/srbija\/product\/monopole-moca-white\/"},"modified":"2026-01-04T00:02:17","modified_gmt":"2026-01-04T00:02:17","slug":"monopole-moca-white","status":"publish","type":"product","link":"https:\/\/www.keramika.com\/srbija\/monopole-moca-white\/","title":{"rendered":"Monopole Moca White"},"content":{"rendered":"<p>8 mm debljina \u0107e zadovoljiti i najzahtevnije kupce. plo\u010dica proizvo\u0111a\u010da Monopole iz \u0160panije. Plo\u010dica 15&#215;15 cm je dobra za ve\u0107 razli\u010ditih namena. Monopole Marfil Brillo Bisel je dostupna po vrlo povoljnim cenama 2580,6 RSD. Izuzetno moderne plo\u010dice bele boje, osve\u017eit \u0107e svaki prostor.<\/p>\n<p>Kliknite na ime serije za sve plo\u010dice u toj seriji: <a class=\"pdfcatal\" href=\"\/\/www.ceramictiles.com\/pdf\/monopole\/catalogue_monopole_moca.pdf\" onclick=\"recordOutboundLink(this, 'E-mail', 'Description PDF');return false;\">Monopole Moca<\/a><\/p>\n<p>Da bi naru\u010dili model iz PDF kataloga ove serije, molimo vas, da nas kontaktirate na: <a href=\"mailto:zo_mi@ceramictiles.com\" onclick=\"recordOutboundLink(this, 'E-mail', 'Description mail');return false;\">zo_mi@ceramictiles.com<\/a> ili nas pozovite na: For exact offer, PLS send us quantity and product you need with delivery address..<\/p>\n","protected":false},"excerpt":{"rendered":"<p>8 mm debljina \u0107e zadovoljiti i najzahtevnije kupce. plo\u010dica proizvo\u0111a\u010da Monopole iz \u0160panije. Plo\u010dica 15&#215;15 cm je dobra za ve\u0107 razli\u010ditih namena. Monopole Marfil Brillo Bisel je dostupna po vrlo povoljnim cenama 2580,6 RSD. Izuzetno moderne plo\u010dice bele boje, osve\u017eit \u0107e svaki prostor. Kliknite na ime serije za sve plo\u010dice u toj seriji: Monopole Moca [&hellip;]<\/p>\n","protected":false},"featured_media":96166,"template":"","meta":[],"product_cat":[200,220,99921434,999],"product_tag":[],"_links":{"self":[{"href":"https:\/\/www.keramika.com\/srbija\/wp-json\/wp\/v2\/product\/96165"}],"collection":[{"href":"https:\/\/www.keramika.com\/srbija\/wp-json\/wp\/v2\/product"}],"about":[{"href":"https:\/\/www.keramika.com\/srbija\/wp-json\/wp\/v2\/types\/product"}],"wp:featuredmedia":[{"embeddable":true,"href":"https:\/\/www.keramika.com\/srbija\/wp-json\/wp\/v2\/media\/96166"}],"wp:attachment":[{"href":"https:\/\/www.keramika.com\/srbija\/wp-json\/wp\/v2\/media?parent=96165"}],"wp:term":[{"taxonomy":"product_cat","embeddable":true,"href":"https:\/\/www.keramika.com\/srbija\/wp-json\/wp\/v2\/product_cat?post=96165"},{"taxonomy":"product_tag","embeddable":true,"href":"https:\/\/www.keramika.com\/srbija\/wp-json\/wp\/v2\/product_tag?post=96165"}],"curies":[{"name":"wp","href":"https:\/\/api.w.org\/{rel}","templated":true}]}}