{"id":96163,"date":"2017-07-02T12:24:40","date_gmt":"2017-07-02T12:24:40","guid":{"rendered":"http:\/\/www.ceramictiles.com\/srbija\/product\/monopole-mirambell-brown\/"},"modified":"2026-01-04T00:02:17","modified_gmt":"2026-01-04T00:02:17","slug":"monopole-mirambell-brown","status":"publish","type":"product","link":"https:\/\/www.keramika.com\/srbija\/monopole-mirambell-brown\/","title":{"rendered":"Monopole Mirambell Brown"},"content":{"rendered":"<p>\u0160irina i du\u017eina plo\u010dice su 15&#215;30 cm. Monopole Mirambell Ocre je proizvod iz \u0160panije te je izuzetno kvalitetna. 8,5 mm debljina \u0107e zadovoljiti i najzahtevnije kupce. Plo\u010dice braon boje osvje\u017eit \u0107e svaki prostor. Umesto 3720,25 RSD \u0161to je redovna maloprodajna cena keramike, u na\u0161oj online prodavnici, je mo\u017eete dobiti za samo 2976,2 RSD.<\/p>\n<p>Kliknite na ime serije za sve plo\u010dice u toj seriji: <a class=\"pdfcatal\" href=\"\/\/www.ceramictiles.com\/pdf\/monopole\/catalogue_monopole_mirambell.pdf\" onclick=\"recordOutboundLink(this, 'E-mail', 'Description PDF');return false;\">Monopole Mirambell<\/a><\/p>\n<p>Da bi naru\u010dili model iz PDF kataloga ove serije, molimo vas, da nas kontaktirate na: <a href=\"mailto:zo_mi@ceramictiles.com\" onclick=\"recordOutboundLink(this, 'E-mail', 'Description mail');return false;\">zo_mi@ceramictiles.com<\/a> ili nas pozovite na: For exact offer, PLS send us quantity and product you need with delivery address..<\/p>\n<p>Technical description: 15,7&#215;31,6<\/p>\n","protected":false},"excerpt":{"rendered":"<p>\u0160irina i du\u017eina plo\u010dice su 15&#215;30 cm. Monopole Mirambell Ocre je proizvod iz \u0160panije te je izuzetno kvalitetna. 8,5 mm debljina \u0107e zadovoljiti i najzahtevnije kupce. Plo\u010dice braon boje osvje\u017eit \u0107e svaki prostor. Umesto 3720,25 RSD \u0161to je redovna maloprodajna cena keramike, u na\u0161oj online prodavnici, je mo\u017eete dobiti za samo 2976,2 RSD. Kliknite na [&hellip;]<\/p>\n","protected":false},"featured_media":96164,"template":"","meta":[],"product_cat":[200,220,99921434,999],"product_tag":[],"_links":{"self":[{"href":"https:\/\/www.keramika.com\/srbija\/wp-json\/wp\/v2\/product\/96163"}],"collection":[{"href":"https:\/\/www.keramika.com\/srbija\/wp-json\/wp\/v2\/product"}],"about":[{"href":"https:\/\/www.keramika.com\/srbija\/wp-json\/wp\/v2\/types\/product"}],"wp:featuredmedia":[{"embeddable":true,"href":"https:\/\/www.keramika.com\/srbija\/wp-json\/wp\/v2\/media\/96164"}],"wp:attachment":[{"href":"https:\/\/www.keramika.com\/srbija\/wp-json\/wp\/v2\/media?parent=96163"}],"wp:term":[{"taxonomy":"product_cat","embeddable":true,"href":"https:\/\/www.keramika.com\/srbija\/wp-json\/wp\/v2\/product_cat?post=96163"},{"taxonomy":"product_tag","embeddable":true,"href":"https:\/\/www.keramika.com\/srbija\/wp-json\/wp\/v2\/product_tag?post=96163"}],"curies":[{"name":"wp","href":"https:\/\/api.w.org\/{rel}","templated":true}]}}