{"id":96153,"date":"2017-07-02T12:23:05","date_gmt":"2017-07-02T12:23:05","guid":{"rendered":"http:\/\/www.ceramictiles.com\/srbija\/product\/monopole-ladrillo-brown\/"},"modified":"2026-01-04T00:02:16","modified_gmt":"2026-01-04T00:02:16","slug":"monopole-ladrillo-brown","status":"publish","type":"product","link":"https:\/\/www.keramika.com\/srbija\/monopole-ladrillo-brown\/","title":{"rendered":"Monopole Ladrillo Brown"},"content":{"rendered":"<p>8 mm debljine je dovoljno za zahtevnije kupce. Monopole Ladrillo Valencia dolazi iz \u0160panije, koja je poznata po vrlo visokoj kvaliteta keramike u svetu. Plo\u010dice braon boje osvje\u017eit \u0107e svaki prostor. Plo\u010dica 10&#215;30 cm je dobra za ve\u0107 razli\u010ditih namena. Redovna cena, ovih plo\u010dica u maloprodaji je 4099,75 RSD. U na\u0161oj online trgovini, je mo\u017eete kupiti za 3279,8 RSD.<\/p>\n<p>Kliknite na ime serije za sve plo\u010dice u toj seriji: <a class=\"pdfcatal\" href=\"\/\/www.ceramictiles.com\/pdf\/monopole\/catalogue_monopole_ladrillo.pdf\" onclick=\"recordOutboundLink(this, 'E-mail', 'Description PDF');return false;\">Monopole Ladrillo<\/a><\/p>\n<p>Da bi naru\u010dili model iz PDF kataloga ove serije, molimo vas, da nas kontaktirate na: <a href=\"mailto:zo_mi@ceramictiles.com\" onclick=\"recordOutboundLink(this, 'E-mail', 'Description mail');return false;\">zo_mi@ceramictiles.com<\/a> ili nas pozovite na: For exact offer, PLS send us quantity and product you need with delivery address..<\/p>\n<p>Technical description: 7,5&#215;28<\/p>\n","protected":false},"excerpt":{"rendered":"<p>8 mm debljine je dovoljno za zahtevnije kupce. Monopole Ladrillo Valencia dolazi iz \u0160panije, koja je poznata po vrlo visokoj kvaliteta keramike u svetu. Plo\u010dice braon boje osvje\u017eit \u0107e svaki prostor. Plo\u010dica 10&#215;30 cm je dobra za ve\u0107 razli\u010ditih namena. Redovna cena, ovih plo\u010dica u maloprodaji je 4099,75 RSD. U na\u0161oj online trgovini, je mo\u017eete [&hellip;]<\/p>\n","protected":false},"featured_media":96154,"template":"","meta":[],"product_cat":[200,220,99921434,999],"product_tag":[],"_links":{"self":[{"href":"https:\/\/www.keramika.com\/srbija\/wp-json\/wp\/v2\/product\/96153"}],"collection":[{"href":"https:\/\/www.keramika.com\/srbija\/wp-json\/wp\/v2\/product"}],"about":[{"href":"https:\/\/www.keramika.com\/srbija\/wp-json\/wp\/v2\/types\/product"}],"wp:featuredmedia":[{"embeddable":true,"href":"https:\/\/www.keramika.com\/srbija\/wp-json\/wp\/v2\/media\/96154"}],"wp:attachment":[{"href":"https:\/\/www.keramika.com\/srbija\/wp-json\/wp\/v2\/media?parent=96153"}],"wp:term":[{"taxonomy":"product_cat","embeddable":true,"href":"https:\/\/www.keramika.com\/srbija\/wp-json\/wp\/v2\/product_cat?post=96153"},{"taxonomy":"product_tag","embeddable":true,"href":"https:\/\/www.keramika.com\/srbija\/wp-json\/wp\/v2\/product_tag?post=96153"}],"curies":[{"name":"wp","href":"https:\/\/api.w.org\/{rel}","templated":true}]}}