{"id":96145,"date":"2017-07-02T12:21:56","date_gmt":"2017-07-02T12:21:56","guid":{"rendered":"http:\/\/www.ceramictiles.com\/srbija\/product\/monopole-imperial-white\/"},"modified":"2026-01-04T00:02:15","modified_gmt":"2026-01-04T00:02:15","slug":"monopole-imperial-white","status":"publish","type":"product","link":"https:\/\/www.keramika.com\/srbija\/monopole-imperial-white\/","title":{"rendered":"Monopole Imperial White"},"content":{"rendered":"<p>Ove bele kerami\u010dke plo\u010dice, obogatit \u0107e svaki prostor. 8 mm debljine je dovoljno za zahtevnije kupce. Veli\u010dina plo\u010dice je 10&#215;20 cm i odli\u010dna je za razli\u010dite povr\u0161ine. Monopole Blanco Brillo Bisel je proizvod iz \u0160panije te je izuzetno kvalitetna. Monopole Blanco Brillo Bisel je dostupna po vrlo povoljnim cenama 2580,6 RSD.<\/p>\n<p>Kliknite na ime serije za sve plo\u010dice u toj seriji: <a class=\"pdfcatal\" href=\"\/\/www.ceramictiles.com\/pdf\/monopole\/catalogue_monopole_imperial.pdf\" onclick=\"recordOutboundLink(this, 'E-mail', 'Description PDF');return false;\">Monopole Imperial<\/a><\/p>\n<p>Da bi naru\u010dili model iz PDF kataloga ove serije, molimo vas, da nas kontaktirate na: <a href=\"mailto:zo_mi@ceramictiles.com\" onclick=\"recordOutboundLink(this, 'E-mail', 'Description mail');return false;\">zo_mi@ceramictiles.com<\/a> ili nas pozovite na: For exact offer, PLS send us quantity and product you need with delivery address..<\/p>\n","protected":false},"excerpt":{"rendered":"<p>Ove bele kerami\u010dke plo\u010dice, obogatit \u0107e svaki prostor. 8 mm debljine je dovoljno za zahtevnije kupce. Veli\u010dina plo\u010dice je 10&#215;20 cm i odli\u010dna je za razli\u010dite povr\u0161ine. Monopole Blanco Brillo Bisel je proizvod iz \u0160panije te je izuzetno kvalitetna. Monopole Blanco Brillo Bisel je dostupna po vrlo povoljnim cenama 2580,6 RSD. Kliknite na ime serije [&hellip;]<\/p>\n","protected":false},"featured_media":96146,"template":"","meta":[],"product_cat":[200,220,99921434,999],"product_tag":[],"_links":{"self":[{"href":"https:\/\/www.keramika.com\/srbija\/wp-json\/wp\/v2\/product\/96145"}],"collection":[{"href":"https:\/\/www.keramika.com\/srbija\/wp-json\/wp\/v2\/product"}],"about":[{"href":"https:\/\/www.keramika.com\/srbija\/wp-json\/wp\/v2\/types\/product"}],"wp:featuredmedia":[{"embeddable":true,"href":"https:\/\/www.keramika.com\/srbija\/wp-json\/wp\/v2\/media\/96146"}],"wp:attachment":[{"href":"https:\/\/www.keramika.com\/srbija\/wp-json\/wp\/v2\/media?parent=96145"}],"wp:term":[{"taxonomy":"product_cat","embeddable":true,"href":"https:\/\/www.keramika.com\/srbija\/wp-json\/wp\/v2\/product_cat?post=96145"},{"taxonomy":"product_tag","embeddable":true,"href":"https:\/\/www.keramika.com\/srbija\/wp-json\/wp\/v2\/product_tag?post=96145"}],"curies":[{"name":"wp","href":"https:\/\/api.w.org\/{rel}","templated":true}]}}