{"id":96141,"date":"2017-07-02T12:21:21","date_gmt":"2017-07-02T12:21:21","guid":{"rendered":"http:\/\/www.ceramictiles.com\/srbija\/product\/monopole-heritage-grey\/"},"modified":"2026-01-04T00:02:14","modified_gmt":"2026-01-04T00:02:14","slug":"monopole-heritage-grey","status":"publish","type":"product","link":"https:\/\/www.keramika.com\/srbija\/monopole-heritage-grey\/","title":{"rendered":"Monopole Heritage Grey"},"content":{"rendered":"<p>Plo\u010dice sive boje, su letos izuzetno tre\u017eene. Plo\u010dica 10&#215;30 cm je dobra za ve\u0107 razli\u010ditih namena. Monopole Heritage Tobaco je dostupna po vrlo povoljnim cenama 2976,2 RSD. Debljina 8 mm \u010dini plo\u010dicu vrlo izdr\u017eljivom i prijatnom na dodir. Monopole Heritage Tobaco dolazi iz \u0160panije, koja je poznata po vrlo visokoj kvaliteta keramike u svetu.<\/p>\n<p>Kliknite na ime serije za sve plo\u010dice u toj seriji: <a class=\"pdfcatal\" href=\"\/\/www.ceramictiles.com\/pdf\/monopole\/catalogue_monopole_heritage.pdf\" onclick=\"recordOutboundLink(this, 'E-mail', 'Description PDF');return false;\">Monopole Heritage<\/a><\/p>\n<p>Da bi naru\u010dili model iz PDF kataloga ove serije, molimo vas, da nas kontaktirate na: <a href=\"mailto:zo_mi@ceramictiles.com\" onclick=\"recordOutboundLink(this, 'E-mail', 'Description mail');return false;\">zo_mi@ceramictiles.com<\/a> ili nas pozovite na: For exact offer, PLS send us quantity and product you need with delivery address..<\/p>\n<p>Technical description: 7,7&#215;28,5<\/p>\n","protected":false},"excerpt":{"rendered":"<p>Plo\u010dice sive boje, su letos izuzetno tre\u017eene. Plo\u010dica 10&#215;30 cm je dobra za ve\u0107 razli\u010ditih namena. Monopole Heritage Tobaco je dostupna po vrlo povoljnim cenama 2976,2 RSD. Debljina 8 mm \u010dini plo\u010dicu vrlo izdr\u017eljivom i prijatnom na dodir. Monopole Heritage Tobaco dolazi iz \u0160panije, koja je poznata po vrlo visokoj kvaliteta keramike u svetu. Kliknite [&hellip;]<\/p>\n","protected":false},"featured_media":96142,"template":"","meta":[],"product_cat":[200,220,99921434,999],"product_tag":[],"_links":{"self":[{"href":"https:\/\/www.keramika.com\/srbija\/wp-json\/wp\/v2\/product\/96141"}],"collection":[{"href":"https:\/\/www.keramika.com\/srbija\/wp-json\/wp\/v2\/product"}],"about":[{"href":"https:\/\/www.keramika.com\/srbija\/wp-json\/wp\/v2\/types\/product"}],"wp:featuredmedia":[{"embeddable":true,"href":"https:\/\/www.keramika.com\/srbija\/wp-json\/wp\/v2\/media\/96142"}],"wp:attachment":[{"href":"https:\/\/www.keramika.com\/srbija\/wp-json\/wp\/v2\/media?parent=96141"}],"wp:term":[{"taxonomy":"product_cat","embeddable":true,"href":"https:\/\/www.keramika.com\/srbija\/wp-json\/wp\/v2\/product_cat?post=96141"},{"taxonomy":"product_tag","embeddable":true,"href":"https:\/\/www.keramika.com\/srbija\/wp-json\/wp\/v2\/product_tag?post=96141"}],"curies":[{"name":"wp","href":"https:\/\/api.w.org\/{rel}","templated":true}]}}