{"id":96131,"date":"2017-07-02T12:19:37","date_gmt":"2017-07-02T12:19:37","guid":{"rendered":"http:\/\/www.ceramictiles.com\/srbija\/product\/monopole-exquisit-beige\/"},"modified":"2026-01-04T00:02:13","modified_gmt":"2026-01-04T00:02:13","slug":"monopole-exquisit-beige","status":"publish","type":"product","link":"https:\/\/www.keramika.com\/srbija\/monopole-exquisit-beige\/","title":{"rendered":"Monopole Exquisit Beige"},"content":{"rendered":"<p>Keramika je prekrasne be\u017e boje. U koliko \u017eelite neku drugu boju, pozovite nas i mi \u0107emo proveriti kod proizvo\u0111a\u010da. 8,5 mm debljine je dovoljno za zahtevnije kupce. 3605,25 RSD je redovna prodajna cena keramike, tu pa samo 2884,2 RSD. Monopole Creta Crema Brillo Bisel je proizvod iz \u0160panije te je izuzetno kvalitetna. Veli\u010dina ove plo\u010dice je 10&#215;30 cm.<\/p>\n<p>Kliknite na ime serije za sve plo\u010dice u toj seriji: <a class=\"pdfcatal\" href=\"\/\/www.ceramictiles.com\/pdf\/monopole\/catalogue_monopole_exquisit.pdf\" onclick=\"recordOutboundLink(this, 'E-mail', 'Description PDF');return false;\">Monopole Exquisit<\/a><\/p>\n<p>Da bi naru\u010dili model iz PDF kataloga ove serije, molimo vas, da nas kontaktirate na: <a href=\"mailto:zo_mi@ceramictiles.com\" onclick=\"recordOutboundLink(this, 'E-mail', 'Description mail');return false;\">zo_mi@ceramictiles.com<\/a> ili nas pozovite na: For exact offer, PLS send us quantity and product you need with delivery address..<\/p>\n<p>Technical description: 41,2&#215;45<\/p>\n","protected":false},"excerpt":{"rendered":"<p>Keramika je prekrasne be\u017e boje. U koliko \u017eelite neku drugu boju, pozovite nas i mi \u0107emo proveriti kod proizvo\u0111a\u010da. 8,5 mm debljine je dovoljno za zahtevnije kupce. 3605,25 RSD je redovna prodajna cena keramike, tu pa samo 2884,2 RSD. Monopole Creta Crema Brillo Bisel je proizvod iz \u0160panije te je izuzetno kvalitetna. Veli\u010dina ove plo\u010dice [&hellip;]<\/p>\n","protected":false},"featured_media":96132,"template":"","meta":[],"product_cat":[200,220,99921434,999],"product_tag":[],"_links":{"self":[{"href":"https:\/\/www.keramika.com\/srbija\/wp-json\/wp\/v2\/product\/96131"}],"collection":[{"href":"https:\/\/www.keramika.com\/srbija\/wp-json\/wp\/v2\/product"}],"about":[{"href":"https:\/\/www.keramika.com\/srbija\/wp-json\/wp\/v2\/types\/product"}],"wp:featuredmedia":[{"embeddable":true,"href":"https:\/\/www.keramika.com\/srbija\/wp-json\/wp\/v2\/media\/96132"}],"wp:attachment":[{"href":"https:\/\/www.keramika.com\/srbija\/wp-json\/wp\/v2\/media?parent=96131"}],"wp:term":[{"taxonomy":"product_cat","embeddable":true,"href":"https:\/\/www.keramika.com\/srbija\/wp-json\/wp\/v2\/product_cat?post=96131"},{"taxonomy":"product_tag","embeddable":true,"href":"https:\/\/www.keramika.com\/srbija\/wp-json\/wp\/v2\/product_tag?post=96131"}],"curies":[{"name":"wp","href":"https:\/\/api.w.org\/{rel}","templated":true}]}}