{"id":96123,"date":"2017-07-02T12:18:25","date_gmt":"2017-07-02T12:18:25","guid":{"rendered":"http:\/\/www.ceramictiles.com\/srbija\/product\/monopole-dulcinea-white\/"},"modified":"2026-01-04T00:02:13","modified_gmt":"2026-01-04T00:02:13","slug":"monopole-dulcinea-white","status":"publish","type":"product","link":"https:\/\/www.keramika.com\/srbija\/monopole-dulcinea-white\/","title":{"rendered":"Monopole Dulcinea White"},"content":{"rendered":"<p>U maloprodaji bi morali za tu plo\u010dicu platiti 3225,75 RSD, online cena je samo 2580,6 RSD. Plo\u010dica 10&#215;30 cm je dobra za ve\u0107 razli\u010ditih namena. 8,5 mm debljina \u0107e zadovoljiti i najzahtevnije kupce. Monopole Crema Brillo Bisel dolazi iz \u0160panije, koja je poznata po vrlo visokoj kvaliteta keramike u svetu. Izuzetno moderne plo\u010dice bele boje, osve\u017eit \u0107e svaki prostor.<\/p>\n<p>Kliknite na ime serije za sve plo\u010dice u toj seriji: <a class=\"pdfcatal\" href=\"\/\/www.ceramictiles.com\/pdf\/monopole\/catalogue_monopole_dulcinea.pdf\" onclick=\"recordOutboundLink(this, 'E-mail', 'Description PDF');return false;\">Monopole Dulcinea<\/a><\/p>\n<p>Da bi naru\u010dili model iz PDF kataloga ove serije, molimo vas, da nas kontaktirate na: <a href=\"mailto:zo_mi@ceramictiles.com\" onclick=\"recordOutboundLink(this, 'E-mail', 'Description mail');return false;\">zo_mi@ceramictiles.com<\/a> ili nas pozovite na: For exact offer, PLS send us quantity and product you need with delivery address..<\/p>\n","protected":false},"excerpt":{"rendered":"<p>U maloprodaji bi morali za tu plo\u010dicu platiti 3225,75 RSD, online cena je samo 2580,6 RSD. Plo\u010dica 10&#215;30 cm je dobra za ve\u0107 razli\u010ditih namena. 8,5 mm debljina \u0107e zadovoljiti i najzahtevnije kupce. Monopole Crema Brillo Bisel dolazi iz \u0160panije, koja je poznata po vrlo visokoj kvaliteta keramike u svetu. Izuzetno moderne plo\u010dice bele boje, [&hellip;]<\/p>\n","protected":false},"featured_media":96124,"template":"","meta":[],"product_cat":[200,220,99921434,999],"product_tag":[],"_links":{"self":[{"href":"https:\/\/www.keramika.com\/srbija\/wp-json\/wp\/v2\/product\/96123"}],"collection":[{"href":"https:\/\/www.keramika.com\/srbija\/wp-json\/wp\/v2\/product"}],"about":[{"href":"https:\/\/www.keramika.com\/srbija\/wp-json\/wp\/v2\/types\/product"}],"wp:featuredmedia":[{"embeddable":true,"href":"https:\/\/www.keramika.com\/srbija\/wp-json\/wp\/v2\/media\/96124"}],"wp:attachment":[{"href":"https:\/\/www.keramika.com\/srbija\/wp-json\/wp\/v2\/media?parent=96123"}],"wp:term":[{"taxonomy":"product_cat","embeddable":true,"href":"https:\/\/www.keramika.com\/srbija\/wp-json\/wp\/v2\/product_cat?post=96123"},{"taxonomy":"product_tag","embeddable":true,"href":"https:\/\/www.keramika.com\/srbija\/wp-json\/wp\/v2\/product_tag?post=96123"}],"curies":[{"name":"wp","href":"https:\/\/api.w.org\/{rel}","templated":true}]}}