{"id":96117,"date":"2017-07-02T12:17:20","date_gmt":"2017-07-02T12:17:20","guid":{"rendered":"http:\/\/www.ceramictiles.com\/srbija\/product\/monopole-decape-beige\/"},"modified":"2026-01-04T00:02:12","modified_gmt":"2026-01-04T00:02:12","slug":"monopole-decape-beige","status":"publish","type":"product","link":"https:\/\/www.keramika.com\/srbija\/monopole-decape-beige\/","title":{"rendered":"Monopole Decape Beige"},"content":{"rendered":"<p>Monopole Decape Dark je proizvod iz \u0160panije te je izuzetno kvalitetna. Zbog ni\u017eih tro\u0161kova, online prodaje, Vi \u0107e te na na\u0161oj strani ove plo\u010de platiti samo 3279,8 RSD. Plo\u010dica 10&#215;30 cm je dobra za ve\u0107 razli\u010ditih namena. Plo\u010dice be\u017e boje osvje\u017eit \u0107e svaki prostor. 8 mm debljine je dovoljno za zahtevnije kupce.<\/p>\n<p>Kliknite na ime serije za sve plo\u010dice u toj seriji: <a class=\"pdfcatal\" href=\"\/\/www.ceramictiles.com\/pdf\/monopole\/catalogue_monopole_decape.pdf\" onclick=\"recordOutboundLink(this, 'E-mail', 'Description PDF');return false;\">Monopole Decape<\/a><\/p>\n<p>Da bi naru\u010dili model iz PDF kataloga ove serije, molimo vas, da nas kontaktirate na: <a href=\"mailto:zo_mi@ceramictiles.com\" onclick=\"recordOutboundLink(this, 'E-mail', 'Description mail');return false;\">zo_mi@ceramictiles.com<\/a> ili nas pozovite na: For exact offer, PLS send us quantity and product you need with delivery address..<\/p>\n<p>Technical description: 7,5&#215;28<\/p>\n","protected":false},"excerpt":{"rendered":"<p>Monopole Decape Dark je proizvod iz \u0160panije te je izuzetno kvalitetna. Zbog ni\u017eih tro\u0161kova, online prodaje, Vi \u0107e te na na\u0161oj strani ove plo\u010de platiti samo 3279,8 RSD. Plo\u010dica 10&#215;30 cm je dobra za ve\u0107 razli\u010ditih namena. Plo\u010dice be\u017e boje osvje\u017eit \u0107e svaki prostor. 8 mm debljine je dovoljno za zahtevnije kupce. Kliknite na ime [&hellip;]<\/p>\n","protected":false},"featured_media":96118,"template":"","meta":[],"product_cat":[200,220,99921434,999],"product_tag":[],"_links":{"self":[{"href":"https:\/\/www.keramika.com\/srbija\/wp-json\/wp\/v2\/product\/96117"}],"collection":[{"href":"https:\/\/www.keramika.com\/srbija\/wp-json\/wp\/v2\/product"}],"about":[{"href":"https:\/\/www.keramika.com\/srbija\/wp-json\/wp\/v2\/types\/product"}],"wp:featuredmedia":[{"embeddable":true,"href":"https:\/\/www.keramika.com\/srbija\/wp-json\/wp\/v2\/media\/96118"}],"wp:attachment":[{"href":"https:\/\/www.keramika.com\/srbija\/wp-json\/wp\/v2\/media?parent=96117"}],"wp:term":[{"taxonomy":"product_cat","embeddable":true,"href":"https:\/\/www.keramika.com\/srbija\/wp-json\/wp\/v2\/product_cat?post=96117"},{"taxonomy":"product_tag","embeddable":true,"href":"https:\/\/www.keramika.com\/srbija\/wp-json\/wp\/v2\/product_tag?post=96117"}],"curies":[{"name":"wp","href":"https:\/\/api.w.org\/{rel}","templated":true}]}}