{"id":96111,"date":"2017-07-02T12:16:04","date_gmt":"2017-07-02T12:16:04","guid":{"rendered":"http:\/\/www.ceramictiles.com\/srbija\/product\/monopole-coffee-white\/"},"modified":"2026-01-04T00:02:11","modified_gmt":"2026-01-04T00:02:11","slug":"monopole-coffee-white","status":"publish","type":"product","link":"https:\/\/www.keramika.com\/srbija\/monopole-coffee-white\/","title":{"rendered":"Monopole Coffee White"},"content":{"rendered":"<p>Debljina 8,5 mm \u010dini plo\u010dicu vrlo izdr\u017eljivom i prijatnom na dodir. Redovna cena, ovih plo\u010dica u maloprodaji je 3225,75 RSD. U na\u0161oj online trgovini, je mo\u017eete kupiti za 2580,6 RSD. Ove bele kerami\u010dke plo\u010dice, obogatit \u0107e svaki prostor. Plo\u010dica 15&#215;15 cm je dobra za ve\u0107 razli\u010ditih namena. plo\u010dica proizvo\u0111a\u010da Monopole iz \u0160panije.<\/p>\n<p>Kliknite na ime serije za sve plo\u010dice u toj seriji: <a class=\"pdfcatal\" href=\"\/\/www.ceramictiles.com\/pdf\/monopole\/catalogue_monopole_coffee.pdf\" onclick=\"recordOutboundLink(this, 'E-mail', 'Description PDF');return false;\">Monopole Coffee<\/a><\/p>\n<p>Da bi naru\u010dili model iz PDF kataloga ove serije, molimo vas, da nas kontaktirate na: <a href=\"mailto:zo_mi@ceramictiles.com\" onclick=\"recordOutboundLink(this, 'E-mail', 'Description mail');return false;\">zo_mi@ceramictiles.com<\/a> ili nas pozovite na: For exact offer, PLS send us quantity and product you need with delivery address..<\/p>\n","protected":false},"excerpt":{"rendered":"<p>Debljina 8,5 mm \u010dini plo\u010dicu vrlo izdr\u017eljivom i prijatnom na dodir. Redovna cena, ovih plo\u010dica u maloprodaji je 3225,75 RSD. U na\u0161oj online trgovini, je mo\u017eete kupiti za 2580,6 RSD. Ove bele kerami\u010dke plo\u010dice, obogatit \u0107e svaki prostor. Plo\u010dica 15&#215;15 cm je dobra za ve\u0107 razli\u010ditih namena. plo\u010dica proizvo\u0111a\u010da Monopole iz \u0160panije. Kliknite na ime [&hellip;]<\/p>\n","protected":false},"featured_media":96112,"template":"","meta":[],"product_cat":[200,220,99921434,999],"product_tag":[],"_links":{"self":[{"href":"https:\/\/www.keramika.com\/srbija\/wp-json\/wp\/v2\/product\/96111"}],"collection":[{"href":"https:\/\/www.keramika.com\/srbija\/wp-json\/wp\/v2\/product"}],"about":[{"href":"https:\/\/www.keramika.com\/srbija\/wp-json\/wp\/v2\/types\/product"}],"wp:featuredmedia":[{"embeddable":true,"href":"https:\/\/www.keramika.com\/srbija\/wp-json\/wp\/v2\/media\/96112"}],"wp:attachment":[{"href":"https:\/\/www.keramika.com\/srbija\/wp-json\/wp\/v2\/media?parent=96111"}],"wp:term":[{"taxonomy":"product_cat","embeddable":true,"href":"https:\/\/www.keramika.com\/srbija\/wp-json\/wp\/v2\/product_cat?post=96111"},{"taxonomy":"product_tag","embeddable":true,"href":"https:\/\/www.keramika.com\/srbija\/wp-json\/wp\/v2\/product_tag?post=96111"}],"curies":[{"name":"wp","href":"https:\/\/api.w.org\/{rel}","templated":true}]}}