{"id":96087,"date":"2017-07-02T12:11:52","date_gmt":"2017-07-02T12:11:52","guid":{"rendered":"http:\/\/www.ceramictiles.com\/srbija\/product\/monopole-breakfast-white\/"},"modified":"2026-01-04T00:02:09","modified_gmt":"2026-01-04T00:02:09","slug":"monopole-breakfast-white","status":"publish","type":"product","link":"https:\/\/www.keramika.com\/srbija\/monopole-breakfast-white\/","title":{"rendered":"Monopole Breakfast White"},"content":{"rendered":"<p>Keramika je prekrasne bele boje. U koliko \u017eelite neku drugu boju, pozovite nas i mi \u0107emo proveriti kod proizvo\u0111a\u010da. Plo\u010dica 10&#215;20 cm je dobra za ve\u0107 razli\u010ditih namena. plo\u010dica proizvo\u0111a\u010da Monopole iz \u0160panije. 8,5 mm debljine je dovoljno za zahtevnije kupce. Redovna cena, ovih plo\u010dica u maloprodaji je 3225,75 RSD. U na\u0161oj online trgovini, je mo\u017eete kupiti za 2580,6 RSD.<\/p>\n<p>Kliknite na ime serije za sve plo\u010dice u toj seriji: <a class=\"pdfcatal\" href=\"\/\/www.ceramictiles.com\/pdf\/monopole\/catalogue_monopole_breakfast.pdf\" onclick=\"recordOutboundLink(this, 'E-mail', 'Description PDF');return false;\">Monopole Breakfast<\/a><\/p>\n<p>Da bi naru\u010dili model iz PDF kataloga ove serije, molimo vas, da nas kontaktirate na: <a href=\"mailto:zo_mi@ceramictiles.com\" onclick=\"recordOutboundLink(this, 'E-mail', 'Description mail');return false;\">zo_mi@ceramictiles.com<\/a> ili nas pozovite na: For exact offer, PLS send us quantity and product you need with delivery address..<\/p>\n","protected":false},"excerpt":{"rendered":"<p>Keramika je prekrasne bele boje. U koliko \u017eelite neku drugu boju, pozovite nas i mi \u0107emo proveriti kod proizvo\u0111a\u010da. Plo\u010dica 10&#215;20 cm je dobra za ve\u0107 razli\u010ditih namena. plo\u010dica proizvo\u0111a\u010da Monopole iz \u0160panije. 8,5 mm debljine je dovoljno za zahtevnije kupce. Redovna cena, ovih plo\u010dica u maloprodaji je 3225,75 RSD. U na\u0161oj online trgovini, je [&hellip;]<\/p>\n","protected":false},"featured_media":96088,"template":"","meta":[],"product_cat":[200,220,99921434,999],"product_tag":[],"_links":{"self":[{"href":"https:\/\/www.keramika.com\/srbija\/wp-json\/wp\/v2\/product\/96087"}],"collection":[{"href":"https:\/\/www.keramika.com\/srbija\/wp-json\/wp\/v2\/product"}],"about":[{"href":"https:\/\/www.keramika.com\/srbija\/wp-json\/wp\/v2\/types\/product"}],"wp:featuredmedia":[{"embeddable":true,"href":"https:\/\/www.keramika.com\/srbija\/wp-json\/wp\/v2\/media\/96088"}],"wp:attachment":[{"href":"https:\/\/www.keramika.com\/srbija\/wp-json\/wp\/v2\/media?parent=96087"}],"wp:term":[{"taxonomy":"product_cat","embeddable":true,"href":"https:\/\/www.keramika.com\/srbija\/wp-json\/wp\/v2\/product_cat?post=96087"},{"taxonomy":"product_tag","embeddable":true,"href":"https:\/\/www.keramika.com\/srbija\/wp-json\/wp\/v2\/product_tag?post=96087"}],"curies":[{"name":"wp","href":"https:\/\/api.w.org\/{rel}","templated":true}]}}