{"id":96075,"date":"2017-07-02T12:09:53","date_gmt":"2017-07-02T12:09:53","guid":{"rendered":"http:\/\/www.ceramictiles.com\/srbija\/product\/monopole-argentum-white\/"},"modified":"2026-01-04T00:02:07","modified_gmt":"2026-01-04T00:02:07","slug":"monopole-argentum-white","status":"publish","type":"product","link":"https:\/\/www.keramika.com\/srbija\/monopole-argentum-white\/","title":{"rendered":"Monopole Argentum White"},"content":{"rendered":"<p>U izboru plo\u010dica bele boje, ne mo\u017eete pogre\u0161iti. Monopole Blanco Brillo je proizvod iz \u0160panije te je izuzetno kvalitetna. Online cena je samo 2884,2 RSD, dok redovna, maloprodajna cena 3605,25 RSD. Veli\u010dina plo\u010dice je 10&#215;40 cm i odli\u010dna je za razli\u010dite povr\u0161ine. 8,5 mm debljina \u0107e zadovoljiti i najzahtevnije kupce.<\/p>\n<p>Kliknite na ime serije za sve plo\u010dice u toj seriji: <a class=\"pdfcatal\" href=\"\/\/www.ceramictiles.com\/pdf\/monopole\/catalogue_monopole_argentum.pdf\" onclick=\"recordOutboundLink(this, 'E-mail', 'Description PDF');return false;\">Monopole Argentum<\/a><\/p>\n<p>Da bi naru\u010dili model iz PDF kataloga ove serije, molimo vas, da nas kontaktirate na: <a href=\"mailto:zo_mi@ceramictiles.com\" onclick=\"recordOutboundLink(this, 'E-mail', 'Description mail');return false;\">zo_mi@ceramictiles.com<\/a> ili nas pozovite na: For exact offer, PLS send us quantity and product you need with delivery address..<\/p>\n","protected":false},"excerpt":{"rendered":"<p>U izboru plo\u010dica bele boje, ne mo\u017eete pogre\u0161iti. Monopole Blanco Brillo je proizvod iz \u0160panije te je izuzetno kvalitetna. Online cena je samo 2884,2 RSD, dok redovna, maloprodajna cena 3605,25 RSD. Veli\u010dina plo\u010dice je 10&#215;40 cm i odli\u010dna je za razli\u010dite povr\u0161ine. 8,5 mm debljina \u0107e zadovoljiti i najzahtevnije kupce. Kliknite na ime serije za [&hellip;]<\/p>\n","protected":false},"featured_media":96076,"template":"","meta":[],"product_cat":[200,220,99921434,999],"product_tag":[],"_links":{"self":[{"href":"https:\/\/www.keramika.com\/srbija\/wp-json\/wp\/v2\/product\/96075"}],"collection":[{"href":"https:\/\/www.keramika.com\/srbija\/wp-json\/wp\/v2\/product"}],"about":[{"href":"https:\/\/www.keramika.com\/srbija\/wp-json\/wp\/v2\/types\/product"}],"wp:featuredmedia":[{"embeddable":true,"href":"https:\/\/www.keramika.com\/srbija\/wp-json\/wp\/v2\/media\/96076"}],"wp:attachment":[{"href":"https:\/\/www.keramika.com\/srbija\/wp-json\/wp\/v2\/media?parent=96075"}],"wp:term":[{"taxonomy":"product_cat","embeddable":true,"href":"https:\/\/www.keramika.com\/srbija\/wp-json\/wp\/v2\/product_cat?post=96075"},{"taxonomy":"product_tag","embeddable":true,"href":"https:\/\/www.keramika.com\/srbija\/wp-json\/wp\/v2\/product_tag?post=96075"}],"curies":[{"name":"wp","href":"https:\/\/api.w.org\/{rel}","templated":true}]}}