{"id":96071,"date":"2017-07-02T12:09:17","date_gmt":"2017-07-02T12:09:17","guid":{"rendered":"http:\/\/www.ceramictiles.com\/srbija\/product\/monopole-antique-sky-blue\/"},"modified":"2026-01-04T00:02:07","modified_gmt":"2026-01-04T00:02:07","slug":"monopole-antique-sky-blue","status":"publish","type":"product","link":"https:\/\/www.keramika.com\/srbija\/monopole-antique-sky-blue\/","title":{"rendered":"Monopole Antique Sky Blue"},"content":{"rendered":"<p>U izboru plo\u010dica plave boje, ne mo\u017eete pogre\u0161iti. Redovna cena, ovih plo\u010dica u maloprodaji je 4554 RSD. U na\u0161oj online trgovini, je mo\u017eete kupiti za 3643,2 RSD. Ova plo\u010dica je debela 8,5 mm i zato je izuzetno izdr\u017eljiva. Ove plo\u010dice dolaze od proizvo\u0111a\u010da Monopole, iz \u0160panije. \u0160irina i du\u017eina plo\u010dice su 10&#215;20 cm.<\/p>\n<p>Kliknite na ime serije za sve plo\u010dice u toj seriji: <a class=\"pdfcatal\" href=\"\/\/www.ceramictiles.com\/pdf\/monopole\/catalogue_monopole_antique_sky.pdf\" onclick=\"recordOutboundLink(this, 'E-mail', 'Description PDF');return false;\">Monopole Antique Sky<\/a><\/p>\n<p>Da bi naru\u010dili model iz PDF kataloga ove serije, molimo vas, da nas kontaktirate na: <a href=\"mailto:zo_mi@ceramictiles.com\" onclick=\"recordOutboundLink(this, 'E-mail', 'Description mail');return false;\">zo_mi@ceramictiles.com<\/a> ili nas pozovite na: For exact offer, PLS send us quantity and product you need with delivery address..<\/p>\n","protected":false},"excerpt":{"rendered":"<p>U izboru plo\u010dica plave boje, ne mo\u017eete pogre\u0161iti. Redovna cena, ovih plo\u010dica u maloprodaji je 4554 RSD. U na\u0161oj online trgovini, je mo\u017eete kupiti za 3643,2 RSD. Ova plo\u010dica je debela 8,5 mm i zato je izuzetno izdr\u017eljiva. Ove plo\u010dice dolaze od proizvo\u0111a\u010da Monopole, iz \u0160panije. \u0160irina i du\u017eina plo\u010dice su 10&#215;20 cm. Kliknite na [&hellip;]<\/p>\n","protected":false},"featured_media":96072,"template":"","meta":[],"product_cat":[200,220,99921434,999],"product_tag":[],"_links":{"self":[{"href":"https:\/\/www.keramika.com\/srbija\/wp-json\/wp\/v2\/product\/96071"}],"collection":[{"href":"https:\/\/www.keramika.com\/srbija\/wp-json\/wp\/v2\/product"}],"about":[{"href":"https:\/\/www.keramika.com\/srbija\/wp-json\/wp\/v2\/types\/product"}],"wp:featuredmedia":[{"embeddable":true,"href":"https:\/\/www.keramika.com\/srbija\/wp-json\/wp\/v2\/media\/96072"}],"wp:attachment":[{"href":"https:\/\/www.keramika.com\/srbija\/wp-json\/wp\/v2\/media?parent=96071"}],"wp:term":[{"taxonomy":"product_cat","embeddable":true,"href":"https:\/\/www.keramika.com\/srbija\/wp-json\/wp\/v2\/product_cat?post=96071"},{"taxonomy":"product_tag","embeddable":true,"href":"https:\/\/www.keramika.com\/srbija\/wp-json\/wp\/v2\/product_tag?post=96071"}],"curies":[{"name":"wp","href":"https:\/\/api.w.org\/{rel}","templated":true}]}}